{"id":7664,"date":"2022-11-08T10:44:33","date_gmt":"2022-11-08T10:44:33","guid":{"rendered":"https:\/\/mathoaduasokfarm.com\/?post_type=product&#038;p=7664"},"modified":"2022-11-08T10:46:31","modified_gmt":"2022-11-08T10:46:31","slug":"hop-qua-gia-vi-ngot-lanh-sokfarm","status":"publish","type":"product","link":"https:\/\/mathoaduasokfarm.com\/en\/hop-qua-gia-vi-ngot-lanh-sokfarm\/","title":{"rendered":"H\u1ed8P QU\u00c0 GIA V\u1eca NG\u1eccT L\u00c0NH SOKFARM"},"content":{"rendered":"","protected":false},"excerpt":{"rendered":"<p>H\u1ed9p qu\u00e0 gia v\u1ecb ng\u1ecdt l\u00e0nh Sokfarm l\u00e0 m\u00f3n qu\u00e0 tinh t\u1ebf thay b\u1ea1n g\u1eedi l\u1eddi y\u00eau th\u01b0\u01a1ng, l\u1eddi ch\u00fac S\u1ee9c Kho\u1ebb &#8211; H\u1ea1nh Ph\u00fac \u2013 B\u00ecnh An \u0111\u1ebfn nh\u1eefng ng\u01b0\u1eddi th\u00e2n y\u00eau.<\/p>\n<p>H\u1ed9p qu\u00e0 gia v\u1ecb ng\u1ecdt l\u00e0nh Sokfarm l\u00e0 b\u1ed9 s\u1ea3n ph\u1ea9m gia v\u1ecb thu\u1ea7n t\u1ef1 nhi\u00ean t\u1eeb m\u1eadt hoa d\u1eeba, kh\u00f4ng b\u1ed5 sung \u0111\u01b0\u1eddng, kh\u00f4ng ch\u1ea5t b\u1ea3o qu\u1ea3n, kh\u00f4ng ph\u1ee5 gia th\u1ef1c ph\u1ea9m, gi\u00fap m\u00f3n ngon c\u1ee7a b\u1ea1n tr\u1edf n\u00ean \u0111\u1eadm \u0111\u00e0, th\u01a1m ngon.<\/p>\n<p>H\u1ed9p qu\u00e0 GIA V\u1eca NG\u1eccT L\u00c0NH SOKFARM bao g\u1ed3m:<\/p>\n<p>&#8211; N\u01b0\u1edbc t\u01b0\u01a1ng m\u1eadt hoa d\u1eeba Sokfarm 200ml<\/p>\n<p>&#8211; M\u1eadt hoa d\u1eeba c\u00f4 \u0111\u1eb7c Sokfarm 250g<\/p>\n<p>&#8211; \u0110\u01b0\u1eddng hoa d\u1eeba Sokfarm 135g<\/p>\n<p>&#8211; Thi\u1ec7p c\u00e1m \u01a1n<\/p>\n<p>\u01afU \u0110I\u1ec2M:<\/p>\n<p>&#8211; Thi\u1ebft k\u1ebf sang tr\u1ecdng, tinh t\u1ebf, ch\u1ec9n chu, th\u1ec3 hi\u1ec7n t\u1ea5m l\u00f2ng ng\u01b0\u1eddi t\u1eb7ng<\/p>\n<p>&#8211; V\u1edbi nh\u1eefng s\u1ea3n ph\u1ea9m t\u1ed1t cho s\u1ee9c kho\u1ebb, 100% t\u1ef1 nhi\u00ean t\u1eeb nh\u1eefng gi\u1ecdt m\u1eadt hoa d\u1eeba tinh tu\u00fd thu t\u1eeb v\u00f9ng \u0111\u1ea5t ph\u01b0\u1edbc l\u00e0nh tr\u00e0 vinh.<\/p>\n<p>&#8211; Gi\u00e1 th\u00e0nh d\u01b0\u1edbi 400.000 vn\u0111, ph\u00f9 h\u1ee3p chi ti\u00eau d\u00e0nh cho qu\u00fd kh\u00e1ch h\u00e0ng<\/p>","protected":false},"featured_media":7654,"comment_status":"open","ping_status":"closed","template":"","meta":{"inline_featured_image":false},"product_cat":[15],"product_tag":[],"class_list":["post-7664","product","type-product","status-publish","has-post-thumbnail","hentry","product_cat-uncategorized"],"yoast_head":"<!-- This site is optimized with the Yoast SEO plugin v18.6 - https:\/\/yoast.com\/wordpress\/plugins\/seo\/ -->\n<title>H\u1ed8P QU\u00c0 GIA V\u1eca NG\u1eccT L\u00c0NH SOKFARM - Sokfarm<\/title>\n<meta name=\"robots\" content=\"index, follow, max-snippet:-1, max-image-preview:large, max-video-preview:-1\" \/>\n<link rel=\"canonical\" href=\"https:\/\/mathoaduasokfarm.com\/en\/hop-qua-gia-vi-ngot-lanh-sokfarm\/\" \/>\n<meta property=\"og:locale\" content=\"en_US\" \/>\n<meta property=\"og:type\" content=\"article\" \/>\n<meta property=\"og:title\" content=\"H\u1ed8P QU\u00c0 GIA V\u1eca NG\u1eccT L\u00c0NH SOKFARM - Sokfarm\" \/>\n<meta property=\"og:description\" content=\"H\u1ed9p qu\u00e0 gia v\u1ecb ng\u1ecdt l\u00e0nh Sokfarm l\u00e0 m\u00f3n qu\u00e0 tinh t\u1ebf thay b\u1ea1n g\u1eedi l\u1eddi y\u00eau th\u01b0\u01a1ng, l\u1eddi ch\u00fac S\u1ee9c Kho\u1ebb - H\u1ea1nh Ph\u00fac \u2013 B\u00ecnh An \u0111\u1ebfn nh\u1eefng ng\u01b0\u1eddi th\u00e2n y\u00eau.  H\u1ed9p qu\u00e0 gia v\u1ecb ng\u1ecdt l\u00e0nh Sokfarm l\u00e0 b\u1ed9 s\u1ea3n ph\u1ea9m gia v\u1ecb thu\u1ea7n t\u1ef1 nhi\u00ean t\u1eeb m\u1eadt hoa d\u1eeba, kh\u00f4ng b\u1ed5 sung \u0111\u01b0\u1eddng, kh\u00f4ng ch\u1ea5t b\u1ea3o qu\u1ea3n, kh\u00f4ng ph\u1ee5 gia th\u1ef1c ph\u1ea9m, gi\u00fap m\u00f3n ngon c\u1ee7a b\u1ea1n tr\u1edf n\u00ean \u0111\u1eadm \u0111\u00e0, th\u01a1m ngon.  H\u1ed9p qu\u00e0 GIA V\u1eca NG\u1eccT L\u00c0NH SOKFARM bao g\u1ed3m:  - N\u01b0\u1edbc t\u01b0\u01a1ng m\u1eadt hoa d\u1eeba Sokfarm 200ml  - M\u1eadt hoa d\u1eeba c\u00f4 \u0111\u1eb7c Sokfarm 250g  - \u0110\u01b0\u1eddng hoa d\u1eeba Sokfarm 135g  - Thi\u1ec7p c\u00e1m \u01a1n  \u01afU \u0110I\u1ec2M:  - Thi\u1ebft k\u1ebf sang tr\u1ecdng, tinh t\u1ebf, ch\u1ec9n chu, th\u1ec3 hi\u1ec7n t\u1ea5m l\u00f2ng ng\u01b0\u1eddi t\u1eb7ng  - V\u1edbi nh\u1eefng s\u1ea3n ph\u1ea9m t\u1ed1t cho s\u1ee9c kho\u1ebb, 100% t\u1ef1 nhi\u00ean t\u1eeb nh\u1eefng gi\u1ecdt m\u1eadt hoa d\u1eeba tinh tu\u00fd thu t\u1eeb v\u00f9ng \u0111\u1ea5t ph\u01b0\u1edbc l\u00e0nh tr\u00e0 vinh.  - Gi\u00e1 th\u00e0nh d\u01b0\u1edbi 400.000 vn\u0111, ph\u00f9 h\u1ee3p chi ti\u00eau d\u00e0nh cho qu\u00fd kh\u00e1ch h\u00e0ng\" \/>\n<meta property=\"og:url\" content=\"https:\/\/mathoaduasokfarm.com\/en\/hop-qua-gia-vi-ngot-lanh-sokfarm\/\" \/>\n<meta property=\"og:site_name\" content=\"Sokfarm\" \/>\n<meta property=\"article:modified_time\" content=\"2022-11-08T10:46:31+00:00\" \/>\n<meta property=\"og:image\" content=\"https:\/\/mathoaduasokfarm.com\/wp-content\/uploads\/2022\/11\/z3860959884847_2cc7291ce3b6b1aff2496f0355a221c4-scaled.jpg\" \/>\n\t<meta property=\"og:image:width\" content=\"2560\" \/>\n\t<meta property=\"og:image:height\" content=\"2560\" \/>\n\t<meta property=\"og:image:type\" content=\"image\/jpeg\" \/>\n<meta name=\"twitter:card\" content=\"summary_large_image\" \/>\n<script type=\"application\/ld+json\" class=\"yoast-schema-graph\">{\"@context\":\"https:\/\/schema.org\",\"@graph\":[{\"@type\":\"WebSite\",\"@id\":\"https:\/\/mathoaduasokfarm.com\/#website\",\"url\":\"https:\/\/mathoaduasokfarm.com\/\",\"name\":\"Sokfarm\",\"description\":\"Thi\u00ean nhi\u00ean ng\u1ecdt l\u00e0nh\",\"potentialAction\":[{\"@type\":\"SearchAction\",\"target\":{\"@type\":\"EntryPoint\",\"urlTemplate\":\"https:\/\/mathoaduasokfarm.com\/?s={search_term_string}\"},\"query-input\":\"required name=search_term_string\"}],\"inLanguage\":\"en-US\"},{\"@type\":\"ImageObject\",\"@id\":\"https:\/\/mathoaduasokfarm.com\/hop-qua-gia-vi-ngot-lanh-sokfarm\/#primaryimage\",\"inLanguage\":\"en-US\",\"url\":\"https:\/\/mathoaduasokfarm.com\/wp-content\/uploads\/2022\/11\/z3860959884847_2cc7291ce3b6b1aff2496f0355a221c4-scaled.jpg\",\"contentUrl\":\"https:\/\/mathoaduasokfarm.com\/wp-content\/uploads\/2022\/11\/z3860959884847_2cc7291ce3b6b1aff2496f0355a221c4-scaled.jpg\",\"width\":2560,\"height\":2560},{\"@type\":\"WebPage\",\"@id\":\"https:\/\/mathoaduasokfarm.com\/hop-qua-gia-vi-ngot-lanh-sokfarm\/#webpage\",\"url\":\"https:\/\/mathoaduasokfarm.com\/hop-qua-gia-vi-ngot-lanh-sokfarm\/\",\"name\":\"H\u1ed8P QU\u00c0 GIA V\u1eca NG\u1eccT L\u00c0NH SOKFARM - Sokfarm\",\"isPartOf\":{\"@id\":\"https:\/\/mathoaduasokfarm.com\/#website\"},\"primaryImageOfPage\":{\"@id\":\"https:\/\/mathoaduasokfarm.com\/hop-qua-gia-vi-ngot-lanh-sokfarm\/#primaryimage\"},\"datePublished\":\"2022-11-08T10:44:33+00:00\",\"dateModified\":\"2022-11-08T10:46:31+00:00\",\"breadcrumb\":{\"@id\":\"https:\/\/mathoaduasokfarm.com\/hop-qua-gia-vi-ngot-lanh-sokfarm\/#breadcrumb\"},\"inLanguage\":\"en-US\",\"potentialAction\":[{\"@type\":\"ReadAction\",\"target\":[\"https:\/\/mathoaduasokfarm.com\/hop-qua-gia-vi-ngot-lanh-sokfarm\/\"]}]},{\"@type\":\"BreadcrumbList\",\"@id\":\"https:\/\/mathoaduasokfarm.com\/hop-qua-gia-vi-ngot-lanh-sokfarm\/#breadcrumb\",\"itemListElement\":[{\"@type\":\"ListItem\",\"position\":1,\"name\":\"Home\",\"item\":\"https:\/\/mathoaduasokfarm.com\/\"},{\"@type\":\"ListItem\",\"position\":2,\"name\":\"Shop\",\"item\":\"https:\/\/mathoaduasokfarm.com\/shop\/\"},{\"@type\":\"ListItem\",\"position\":3,\"name\":\"H\u1ed8P QU\u00c0 GIA V\u1eca NG\u1eccT L\u00c0NH SOKFARM\"}]}]}<\/script>\n<!-- \/ Yoast SEO plugin. -->","yoast_head_json":{"title":"H\u1ed8P QU\u00c0 GIA V\u1eca NG\u1eccT L\u00c0NH SOKFARM - Sokfarm","robots":{"index":"index","follow":"follow","max-snippet":"max-snippet:-1","max-image-preview":"max-image-preview:large","max-video-preview":"max-video-preview:-1"},"canonical":"https:\/\/mathoaduasokfarm.com\/en\/hop-qua-gia-vi-ngot-lanh-sokfarm\/","og_locale":"en_US","og_type":"article","og_title":"H\u1ed8P QU\u00c0 GIA V\u1eca NG\u1eccT L\u00c0NH SOKFARM - Sokfarm","og_description":"H\u1ed9p qu\u00e0 gia v\u1ecb ng\u1ecdt l\u00e0nh Sokfarm l\u00e0 m\u00f3n qu\u00e0 tinh t\u1ebf thay b\u1ea1n g\u1eedi l\u1eddi y\u00eau th\u01b0\u01a1ng, l\u1eddi ch\u00fac S\u1ee9c Kho\u1ebb - H\u1ea1nh Ph\u00fac \u2013 B\u00ecnh An \u0111\u1ebfn nh\u1eefng ng\u01b0\u1eddi th\u00e2n y\u00eau.  H\u1ed9p qu\u00e0 gia v\u1ecb ng\u1ecdt l\u00e0nh Sokfarm l\u00e0 b\u1ed9 s\u1ea3n ph\u1ea9m gia v\u1ecb thu\u1ea7n t\u1ef1 nhi\u00ean t\u1eeb m\u1eadt hoa d\u1eeba, kh\u00f4ng b\u1ed5 sung \u0111\u01b0\u1eddng, kh\u00f4ng ch\u1ea5t b\u1ea3o qu\u1ea3n, kh\u00f4ng ph\u1ee5 gia th\u1ef1c ph\u1ea9m, gi\u00fap m\u00f3n ngon c\u1ee7a b\u1ea1n tr\u1edf n\u00ean \u0111\u1eadm \u0111\u00e0, th\u01a1m ngon.  H\u1ed9p qu\u00e0 GIA V\u1eca NG\u1eccT L\u00c0NH SOKFARM bao g\u1ed3m:  - N\u01b0\u1edbc t\u01b0\u01a1ng m\u1eadt hoa d\u1eeba Sokfarm 200ml  - M\u1eadt hoa d\u1eeba c\u00f4 \u0111\u1eb7c Sokfarm 250g  - \u0110\u01b0\u1eddng hoa d\u1eeba Sokfarm 135g  - Thi\u1ec7p c\u00e1m \u01a1n  \u01afU \u0110I\u1ec2M:  - Thi\u1ebft k\u1ebf sang tr\u1ecdng, tinh t\u1ebf, ch\u1ec9n chu, th\u1ec3 hi\u1ec7n t\u1ea5m l\u00f2ng ng\u01b0\u1eddi t\u1eb7ng  - V\u1edbi nh\u1eefng s\u1ea3n ph\u1ea9m t\u1ed1t cho s\u1ee9c kho\u1ebb, 100% t\u1ef1 nhi\u00ean t\u1eeb nh\u1eefng gi\u1ecdt m\u1eadt hoa d\u1eeba tinh tu\u00fd thu t\u1eeb v\u00f9ng \u0111\u1ea5t ph\u01b0\u1edbc l\u00e0nh tr\u00e0 vinh.  - Gi\u00e1 th\u00e0nh d\u01b0\u1edbi 400.000 vn\u0111, ph\u00f9 h\u1ee3p chi ti\u00eau d\u00e0nh cho qu\u00fd kh\u00e1ch h\u00e0ng","og_url":"https:\/\/mathoaduasokfarm.com\/en\/hop-qua-gia-vi-ngot-lanh-sokfarm\/","og_site_name":"Sokfarm","article_modified_time":"2022-11-08T10:46:31+00:00","og_image":[{"width":2560,"height":2560,"url":"https:\/\/mathoaduasokfarm.com\/wp-content\/uploads\/2022\/11\/z3860959884847_2cc7291ce3b6b1aff2496f0355a221c4-scaled.jpg","type":"image\/jpeg"}],"twitter_card":"summary_large_image","schema":{"@context":"https:\/\/schema.org","@graph":[{"@type":"WebSite","@id":"https:\/\/mathoaduasokfarm.com\/#website","url":"https:\/\/mathoaduasokfarm.com\/","name":"Sokfarm","description":"The gift of nature","potentialAction":[{"@type":"SearchAction","target":{"@type":"EntryPoint","urlTemplate":"https:\/\/mathoaduasokfarm.com\/?s={search_term_string}"},"query-input":"required name=search_term_string"}],"inLanguage":"en-US"},{"@type":"ImageObject","@id":"https:\/\/mathoaduasokfarm.com\/hop-qua-gia-vi-ngot-lanh-sokfarm\/#primaryimage","inLanguage":"en-US","url":"https:\/\/mathoaduasokfarm.com\/wp-content\/uploads\/2022\/11\/z3860959884847_2cc7291ce3b6b1aff2496f0355a221c4-scaled.jpg","contentUrl":"https:\/\/mathoaduasokfarm.com\/wp-content\/uploads\/2022\/11\/z3860959884847_2cc7291ce3b6b1aff2496f0355a221c4-scaled.jpg","width":2560,"height":2560},{"@type":"WebPage","@id":"https:\/\/mathoaduasokfarm.com\/hop-qua-gia-vi-ngot-lanh-sokfarm\/#webpage","url":"https:\/\/mathoaduasokfarm.com\/hop-qua-gia-vi-ngot-lanh-sokfarm\/","name":"H\u1ed8P QU\u00c0 GIA V\u1eca NG\u1eccT L\u00c0NH SOKFARM - Sokfarm","isPartOf":{"@id":"https:\/\/mathoaduasokfarm.com\/#website"},"primaryImageOfPage":{"@id":"https:\/\/mathoaduasokfarm.com\/hop-qua-gia-vi-ngot-lanh-sokfarm\/#primaryimage"},"datePublished":"2022-11-08T10:44:33+00:00","dateModified":"2022-11-08T10:46:31+00:00","breadcrumb":{"@id":"https:\/\/mathoaduasokfarm.com\/hop-qua-gia-vi-ngot-lanh-sokfarm\/#breadcrumb"},"inLanguage":"en-US","potentialAction":[{"@type":"ReadAction","target":["https:\/\/mathoaduasokfarm.com\/hop-qua-gia-vi-ngot-lanh-sokfarm\/"]}]},{"@type":"BreadcrumbList","@id":"https:\/\/mathoaduasokfarm.com\/hop-qua-gia-vi-ngot-lanh-sokfarm\/#breadcrumb","itemListElement":[{"@type":"ListItem","position":1,"name":"Home","item":"https:\/\/mathoaduasokfarm.com\/"},{"@type":"ListItem","position":2,"name":"Shop","item":"https:\/\/mathoaduasokfarm.com\/shop\/"},{"@type":"ListItem","position":3,"name":"H\u1ed8P QU\u00c0 GIA V\u1eca NG\u1eccT L\u00c0NH SOKFARM"}]}]}},"_links":{"self":[{"href":"https:\/\/mathoaduasokfarm.com\/en\/wp-json\/wp\/v2\/product\/7664","targetHints":{"allow":["GET"]}}],"collection":[{"href":"https:\/\/mathoaduasokfarm.com\/en\/wp-json\/wp\/v2\/product"}],"about":[{"href":"https:\/\/mathoaduasokfarm.com\/en\/wp-json\/wp\/v2\/types\/product"}],"replies":[{"embeddable":true,"href":"https:\/\/mathoaduasokfarm.com\/en\/wp-json\/wp\/v2\/comments?post=7664"}],"version-history":[{"count":3,"href":"https:\/\/mathoaduasokfarm.com\/en\/wp-json\/wp\/v2\/product\/7664\/revisions"}],"predecessor-version":[{"id":7667,"href":"https:\/\/mathoaduasokfarm.com\/en\/wp-json\/wp\/v2\/product\/7664\/revisions\/7667"}],"wp:featuredmedia":[{"embeddable":true,"href":"https:\/\/mathoaduasokfarm.com\/en\/wp-json\/wp\/v2\/media\/7654"}],"wp:attachment":[{"href":"https:\/\/mathoaduasokfarm.com\/en\/wp-json\/wp\/v2\/media?parent=7664"}],"wp:term":[{"taxonomy":"product_cat","embeddable":true,"href":"https:\/\/mathoaduasokfarm.com\/en\/wp-json\/wp\/v2\/product_cat?post=7664"},{"taxonomy":"product_tag","embeddable":true,"href":"https:\/\/mathoaduasokfarm.com\/en\/wp-json\/wp\/v2\/product_tag?post=7664"}],"curies":[{"name":"wp","href":"https:\/\/api.w.org\/{rel}","templated":true}]}}