{"id":7171,"date":"2022-08-15T03:08:12","date_gmt":"2022-08-15T03:08:12","guid":{"rendered":"https:\/\/mathoaduasokfarm.com\/?post_type=product&#038;p=7171"},"modified":"2023-05-04T08:03:40","modified_gmt":"2023-05-04T08:03:40","slug":"nuoc-tuong-mat-hoa-dua","status":"publish","type":"product","link":"https:\/\/mathoaduasokfarm.com\/en\/nuoc-tuong-mat-hoa-dua\/","title":{"rendered":"N\u01b0\u1edbc T\u01b0\u01a1ng M\u1eadt Hoa D\u1eeba"},"content":{"rendered":"<div data-elementor-type=\"product-post\" data-elementor-id=\"7171\" class=\"elementor elementor-7171\" data-elementor-post-type=\"product\">\n\t\t\t\t\t\t<section class=\"elementor-section elementor-top-section elementor-element elementor-element-47e8bdd elementor-section-boxed elementor-section-height-default elementor-section-height-default\" data-id=\"47e8bdd\" data-element_type=\"section\" data-e-type=\"section\">\n\t\t\t\t\t\t<div class=\"elementor-container elementor-column-gap-default\">\n\t\t\t\t\t<div class=\"elementor-column elementor-col-100 elementor-top-column elementor-element elementor-element-af4ee39\" data-id=\"af4ee39\" data-element_type=\"column\" data-e-type=\"column\">\n\t\t\t<div class=\"elementor-widget-wrap elementor-element-populated\">\n\t\t\t\t\t\t<div class=\"elementor-element elementor-element-217bf8b elementor-view-stacked elementor-position-inline-start elementor-shape-circle elementor-mobile-position-block-start elementor-widget elementor-widget-icon-box\" data-id=\"217bf8b\" data-element_type=\"widget\" data-e-type=\"widget\" data-widget_type=\"icon-box.default\">\n\t\t\t\t<div class=\"elementor-widget-container\">\n\t\t\t\t\t\t\t<div class=\"elementor-icon-box-wrapper\">\n\n\t\t\t\t\t\t<div class=\"elementor-icon-box-icon\">\n\t\t\t\t<span  class=\"elementor-icon\">\n\t\t\t\t<i aria-hidden=\"true\" class=\"freshio-icon- freshio-icon-sustainable\"><\/i>\t\t\t\t<\/span>\n\t\t\t<\/div>\n\t\t\t\n\t\t\t\t\t\t<div class=\"elementor-icon-box-content\">\n\n\t\t\t\t\t\t\t\t\t<h3 class=\"elementor-icon-box-title\">\n\t\t\t\t\t\t<span  >\n\t\t\t\t\t\t\t\u01afu \u0111i\u1ec3m\t\t\t\t\t\t<\/span>\n\t\t\t\t\t<\/h3>\n\t\t\t\t\n\t\t\t\t\t\t\t\t\t<p class=\"elementor-icon-box-description\">\n\t\t\t\t\t\t\u2022 Kh\u00f4ng t\u1eeb \u0111\u1eadu n\u00e0nh, kh\u00f4ng ch\u1ee9a gluten, kh\u00f4ng s\u1eed d\u1ee5ng th\u1ef1c ph\u1ea9m GMO <\/br>\n\u2022 H\u00e0m l\u01b0\u1ee3ng mu\u1ed1i \u00edt h\u01a1n n\u01b0\u1edbc t\u01b0\u01a1ng \u0111\u1eadu n\u00e0nh \u0111\u1ebfn 65% <\/br>\n\u2022 C\u00f3 ch\u1ec9 s\u1ed1 \u0111\u01b0\u1eddng huy\u1ebft th\u1ea5p v\u00e0 l\u00e0 ngu\u1ed3n cung c\u1ea5p d\u1ed3i d\u00e0o c\u00e1c lo\u1ea1i kho\u00e1ng ch\u1ea5t. <\/br>\n\u2022 Kh\u00f4ng b\u1ed5 sung \u0111\u01b0\u1eddng <\/br>\n\u2022 Kh\u00f4ng ch\u1ea5t b\u1ea3o qu\u1ea3n <\/br>\n\u2022 Kh\u00f4ng ph\u1ea9m m\u00e0u v\u00e0 h\u00f3a ch\u1ea5t <\/br>\t\t\t\t\t<\/p>\n\t\t\t\t\n\t\t\t<\/div>\n\t\t\t\n\t\t<\/div>\n\t\t\t\t\t\t<\/div>\n\t\t\t\t<\/div>\n\t\t\t\t\t<\/div>\n\t\t<\/div>\n\t\t\t\t\t<\/div>\n\t\t<\/section>\n\t\t\t\t<section class=\"elementor-section elementor-top-section elementor-element elementor-element-eab873d elementor-section-boxed elementor-section-height-default elementor-section-height-default\" data-id=\"eab873d\" data-element_type=\"section\" data-e-type=\"section\">\n\t\t\t\t\t\t<div class=\"elementor-container elementor-column-gap-default\">\n\t\t\t\t\t<div class=\"elementor-column elementor-col-100 elementor-top-column elementor-element elementor-element-238f045\" data-id=\"238f045\" data-element_type=\"column\" data-e-type=\"column\">\n\t\t\t<div class=\"elementor-widget-wrap elementor-element-populated\">\n\t\t\t\t\t\t<div class=\"elementor-element elementor-element-4115cba elementor-view-stacked elementor-position-inline-start elementor-shape-circle elementor-mobile-position-block-start elementor-widget elementor-widget-icon-box\" data-id=\"4115cba\" data-element_type=\"widget\" data-e-type=\"widget\" data-widget_type=\"icon-box.default\">\n\t\t\t\t<div class=\"elementor-widget-container\">\n\t\t\t\t\t\t\t<div class=\"elementor-icon-box-wrapper\">\n\n\t\t\t\t\t\t<div class=\"elementor-icon-box-icon\">\n\t\t\t\t<span  class=\"elementor-icon\">\n\t\t\t\t<i aria-hidden=\"true\" class=\"freshio-icon- freshio-icon-handmade_2\"><\/i>\t\t\t\t<\/span>\n\t\t\t<\/div>\n\t\t\t\n\t\t\t\t\t\t<div class=\"elementor-icon-box-content\">\n\n\t\t\t\t\t\t\t\t\t<h3 class=\"elementor-icon-box-title\">\n\t\t\t\t\t\t<span  >\n\t\t\t\t\t\t\tIngredients\t\t\t\t\t\t<\/span>\n\t\t\t\t\t<\/h3>\n\t\t\t\t\n\t\t\t\t\t\t\t\t\t<p class=\"elementor-icon-box-description\">\n\t\t\t\t\t\tM\u1eadt hoa d\u1eeba v\u00e0 mu\u1ed1i bi\u1ec3n t\u1ef1 nhi\u00ean.\t\t\t\t\t<\/p>\n\t\t\t\t\n\t\t\t<\/div>\n\t\t\t\n\t\t<\/div>\n\t\t\t\t\t\t<\/div>\n\t\t\t\t<\/div>\n\t\t\t\t\t<\/div>\n\t\t<\/div>\n\t\t\t\t\t<\/div>\n\t\t<\/section>\n\t\t\t\t<section class=\"elementor-section elementor-top-section elementor-element elementor-element-bdaa625 elementor-section-boxed elementor-section-height-default elementor-section-height-default\" data-id=\"bdaa625\" data-element_type=\"section\" data-e-type=\"section\">\n\t\t\t\t\t\t<div class=\"elementor-container elementor-column-gap-default\">\n\t\t\t\t\t<div class=\"elementor-column elementor-col-100 elementor-top-column elementor-element elementor-element-9f14433\" data-id=\"9f14433\" data-element_type=\"column\" data-e-type=\"column\">\n\t\t\t<div class=\"elementor-widget-wrap elementor-element-populated\">\n\t\t\t\t\t\t<div class=\"elementor-element elementor-element-541413c elementor-view-stacked elementor-position-inline-start elementor-shape-circle elementor-mobile-position-block-start elementor-widget elementor-widget-icon-box\" data-id=\"541413c\" data-element_type=\"widget\" data-e-type=\"widget\" data-widget_type=\"icon-box.default\">\n\t\t\t\t<div class=\"elementor-widget-container\">\n\t\t\t\t\t\t\t<div class=\"elementor-icon-box-wrapper\">\n\n\t\t\t\t\t\t<div class=\"elementor-icon-box-icon\">\n\t\t\t\t<span  class=\"elementor-icon\">\n\t\t\t\t<i aria-hidden=\"true\" class=\"far fa-list-alt\"><\/i>\t\t\t\t<\/span>\n\t\t\t<\/div>\n\t\t\t\n\t\t\t\t\t\t<div class=\"elementor-icon-box-content\">\n\n\t\t\t\t\t\t\t\t\t<h3 class=\"elementor-icon-box-title\">\n\t\t\t\t\t\t<span  >\n\t\t\t\t\t\t\tUser\t\t\t\t\t\t<\/span>\n\t\t\t\t\t<\/h3>\n\t\t\t\t\n\t\t\t\t\t\t\t\t\t<p class=\"elementor-icon-box-description\">\n\t\t\t\t\t\tS\u1ea3n ph\u1ea9m th\u00edch h\u1ee3p cho kh\u00e1ch h\u00e0ng d\u1ecb \u1ee9ng v\u1edbi \u0111\u1eadu n\u00e0nh v\u00e0 mu\u1ed1n gi\u1ea3m l\u01b0\u1ee3ng mu\u1ed1i trong kh\u1ea9u ph\u1ea7n \u0103n h\u00e0ng ng\u00e0y ho\u1eb7c s\u1eed d\u1ee5ng n\u01b0\u1edbc t\u01b0\u01a1ng t\u1ef1 nhi\u00ean cho b\u00e9 v\u00e0 gia \u0111\u00ecnh.\t\t\t\t\t<\/p>\n\t\t\t\t\n\t\t\t<\/div>\n\t\t\t\n\t\t<\/div>\n\t\t\t\t\t\t<\/div>\n\t\t\t\t<\/div>\n\t\t\t\t<div class=\"elementor-element elementor-element-bb4a657 elementor-view-stacked elementor-position-inline-start elementor-shape-circle elementor-mobile-position-block-start elementor-widget elementor-widget-icon-box\" data-id=\"bb4a657\" data-element_type=\"widget\" data-e-type=\"widget\" data-widget_type=\"icon-box.default\">\n\t\t\t\t<div class=\"elementor-widget-container\">\n\t\t\t\t\t\t\t<div class=\"elementor-icon-box-wrapper\">\n\n\t\t\t\t\t\t<div class=\"elementor-icon-box-icon\">\n\t\t\t\t<span  class=\"elementor-icon\">\n\t\t\t\t<i aria-hidden=\"true\" class=\"far fa-list-alt\"><\/i>\t\t\t\t<\/span>\n\t\t\t<\/div>\n\t\t\t\n\t\t\t\t\t\t<div class=\"elementor-icon-box-content\">\n\n\t\t\t\t\t\t\t\t\t<h3 class=\"elementor-icon-box-title\">\n\t\t\t\t\t\t<span  >\n\t\t\t\t\t\t\tInstruction\t\t\t\t\t\t<\/span>\n\t\t\t\t\t<\/h3>\n\t\t\t\t\n\t\t\t\t\t\t\t\t\t<p class=\"elementor-icon-box-description\">\n\t\t\t\t\t\tC\u00e1ch s\u1eed d\u1ee5ng: l\u00e0m n\u01b0\u1edbc ch\u1ea5m, gia v\u1ecb cho m\u00f3n x\u00e0o, c\u01a1m chi\u00ean, ... hay th\u01b0\u1edfng th\u1ee9c chung v\u1edbi sushi.\t\t\t\t\t<\/p>\n\t\t\t\t\n\t\t\t<\/div>\n\t\t\t\n\t\t<\/div>\n\t\t\t\t\t\t<\/div>\n\t\t\t\t<\/div>\n\t\t\t\t\t<\/div>\n\t\t<\/div>\n\t\t\t\t\t<\/div>\n\t\t<\/section>\n\t\t\t\t<section class=\"elementor-section elementor-top-section elementor-element elementor-element-f592931 elementor-section-boxed elementor-section-height-default elementor-section-height-default\" data-id=\"f592931\" data-element_type=\"section\" data-e-type=\"section\">\n\t\t\t\t\t\t<div class=\"elementor-container elementor-column-gap-default\">\n\t\t\t\t\t<div class=\"elementor-column elementor-col-100 elementor-top-column elementor-element elementor-element-69d45ff\" data-id=\"69d45ff\" data-element_type=\"column\" data-e-type=\"column\">\n\t\t\t<div class=\"elementor-widget-wrap elementor-element-populated\">\n\t\t\t\t\t\t<div class=\"elementor-element elementor-element-ed7f417 elementor-view-stacked elementor-position-inline-start elementor-shape-circle elementor-mobile-position-block-start elementor-widget elementor-widget-icon-box\" data-id=\"ed7f417\" data-element_type=\"widget\" data-e-type=\"widget\" data-widget_type=\"icon-box.default\">\n\t\t\t\t<div class=\"elementor-widget-container\">\n\t\t\t\t\t\t\t<div class=\"elementor-icon-box-wrapper\">\n\n\t\t\t\t\t\t<div class=\"elementor-icon-box-icon\">\n\t\t\t\t<span  class=\"elementor-icon\">\n\t\t\t\t<i aria-hidden=\"true\" class=\"fas fa-hands\"><\/i>\t\t\t\t<\/span>\n\t\t\t<\/div>\n\t\t\t\n\t\t\t\t\t\t<div class=\"elementor-icon-box-content\">\n\n\t\t\t\t\t\t\t\t\t<h3 class=\"elementor-icon-box-title\">\n\t\t\t\t\t\t<span  >\n\t\t\t\t\t\t\tStorage\t\t\t\t\t\t<\/span>\n\t\t\t\t\t<\/h3>\n\t\t\t\t\n\t\t\t\t\t\t\t\t\t<p class=\"elementor-icon-box-description\">\n\t\t\t\t\t\tB\u1ea3o qu\u1ea3n n\u01a1i kh\u00f4 r\u00e1o, tr\u00e1nh \u00e1nh n\u1eafng tr\u1ef1c ti\u1ebfp\nH\u1ea1n s\u1eed d\u1ee5ng 24 th\u00e1ng k\u1ec3 t\u1eeb ng\u00e0y s\u1ea3n xu\u1ea5t\t\t\t\t\t<\/p>\n\t\t\t\t\n\t\t\t<\/div>\n\t\t\t\n\t\t<\/div>\n\t\t\t\t\t\t<\/div>\n\t\t\t\t<\/div>\n\t\t\t\t\t<\/div>\n\t\t<\/div>\n\t\t\t\t\t<\/div>\n\t\t<\/section>\n\t\t\t\t<section class=\"elementor-section elementor-top-section elementor-element elementor-element-a5559c7 elementor-section-boxed elementor-section-height-default elementor-section-height-default\" data-id=\"a5559c7\" data-element_type=\"section\" data-e-type=\"section\">\n\t\t\t\t\t\t<div class=\"elementor-container elementor-column-gap-default\">\n\t\t\t\t\t<div class=\"elementor-column elementor-col-100 elementor-top-column elementor-element elementor-element-a47a3fd\" data-id=\"a47a3fd\" data-element_type=\"column\" data-e-type=\"column\">\n\t\t\t<div class=\"elementor-widget-wrap elementor-element-populated\">\n\t\t\t\t\t\t<div class=\"elementor-element elementor-element-4aee215 elementor-widget elementor-widget-video\" data-id=\"4aee215\" data-element_type=\"widget\" data-e-type=\"widget\" data-settings=\"{&quot;youtube_url&quot;:&quot;https:\\\/\\\/www.youtube.com\\\/watch?v=4n495YSLGCk&quot;,&quot;video_type&quot;:&quot;youtube&quot;,&quot;controls&quot;:&quot;yes&quot;}\" data-widget_type=\"video.default\">\n\t\t\t\t<div class=\"elementor-widget-container\">\n\t\t\t\t\t\t\t<div class=\"elementor-wrapper elementor-open-inline\">\n\t\t\t<div class=\"elementor-video\"><\/div>\t\t<\/div>\n\t\t\t\t\t\t<\/div>\n\t\t\t\t<\/div>\n\t\t\t\t\t<\/div>\n\t\t<\/div>\n\t\t\t\t\t<\/div>\n\t\t<\/section>\n\t\t\t\t<section class=\"elementor-section elementor-top-section elementor-element elementor-element-dbe253c elementor-section-boxed elementor-section-height-default elementor-section-height-default\" data-id=\"dbe253c\" data-element_type=\"section\" data-e-type=\"section\">\n\t\t\t\t\t\t<div class=\"elementor-container elementor-column-gap-default\">\n\t\t\t\t\t<div class=\"elementor-column elementor-col-100 elementor-top-column elementor-element elementor-element-ec0ba20\" data-id=\"ec0ba20\" data-element_type=\"column\" data-e-type=\"column\">\n\t\t\t<div class=\"elementor-widget-wrap elementor-element-populated\">\n\t\t\t\t\t\t<div class=\"elementor-element elementor-element-e00a96c elementor-widget elementor-widget-image\" data-id=\"e00a96c\" data-element_type=\"widget\" data-e-type=\"widget\" data-widget_type=\"image.default\">\n\t\t\t\t<div class=\"elementor-widget-container\">\n\t\t\t\t\t\t\t\t\t\t\t\t\t\t\t<img fetchpriority=\"high\" decoding=\"async\" width=\"2560\" height=\"2560\" src=\"https:\/\/mathoaduasokfarm.com\/wp-content\/uploads\/2022\/08\/z3790809991779_5371972bcae1402e83361df523ef143d-scaled.jpg\" class=\"attachment-full size-full wp-image-7347\" alt=\"nuoc-tuong-mat-hoa-dua, nuoc-tuong-mat-hoa-dua-la-gi, nuoc-tuong-khong-dau-nanh, nuoc-tuong-khong-GMO, nuoc-tuong-mat-hoa-dua-sokfarm, mat-hoa-dua-sokfarm\" srcset=\"https:\/\/mathoaduasokfarm.com\/wp-content\/uploads\/2022\/08\/z3790809991779_5371972bcae1402e83361df523ef143d-scaled.jpg 2560w, https:\/\/mathoaduasokfarm.com\/wp-content\/uploads\/2022\/08\/z3790809991779_5371972bcae1402e83361df523ef143d-300x300.jpg 300w, https:\/\/mathoaduasokfarm.com\/wp-content\/uploads\/2022\/08\/z3790809991779_5371972bcae1402e83361df523ef143d-1024x1024.jpg 1024w, https:\/\/mathoaduasokfarm.com\/wp-content\/uploads\/2022\/08\/z3790809991779_5371972bcae1402e83361df523ef143d-150x150.jpg 150w, https:\/\/mathoaduasokfarm.com\/wp-content\/uploads\/2022\/08\/z3790809991779_5371972bcae1402e83361df523ef143d-768x768.jpg 768w, https:\/\/mathoaduasokfarm.com\/wp-content\/uploads\/2022\/08\/z3790809991779_5371972bcae1402e83361df523ef143d-1536x1536.jpg 1536w, https:\/\/mathoaduasokfarm.com\/wp-content\/uploads\/2022\/08\/z3790809991779_5371972bcae1402e83361df523ef143d-2048x2048.jpg 2048w, https:\/\/mathoaduasokfarm.com\/wp-content\/uploads\/2022\/08\/z3790809991779_5371972bcae1402e83361df523ef143d-12x12.jpg 12w, https:\/\/mathoaduasokfarm.com\/wp-content\/uploads\/2022\/08\/z3790809991779_5371972bcae1402e83361df523ef143d-100x100.jpg 100w, https:\/\/mathoaduasokfarm.com\/wp-content\/uploads\/2022\/08\/z3790809991779_5371972bcae1402e83361df523ef143d-450x450.jpg 450w, https:\/\/mathoaduasokfarm.com\/wp-content\/uploads\/2022\/08\/z3790809991779_5371972bcae1402e83361df523ef143d-800x800.jpg 800w, https:\/\/mathoaduasokfarm.com\/wp-content\/uploads\/2022\/08\/z3790809991779_5371972bcae1402e83361df523ef143d-460x460.jpg 460w\" sizes=\"(max-width: 2560px) 100vw, 2560px\" \/>\t\t\t\t\t\t\t\t\t\t\t\t\t\t\t<\/div>\n\t\t\t\t<\/div>\n\t\t\t\t<div class=\"elementor-element elementor-element-bb2f735 elementor-widget elementor-widget-image\" data-id=\"bb2f735\" data-element_type=\"widget\" data-e-type=\"widget\" data-widget_type=\"image.default\">\n\t\t\t\t<div class=\"elementor-widget-container\">\n\t\t\t\t\t\t\t\t\t\t\t\t\t\t\t<img decoding=\"async\" width=\"2560\" height=\"2560\" src=\"https:\/\/mathoaduasokfarm.com\/wp-content\/uploads\/2022\/08\/z3790810049754_2bc8ac38fcc44d49c8051b4479e10aec-scaled.jpg\" class=\"attachment-full size-full wp-image-7346\" alt=\"nuoc-tuong-mat-hoa-dua, nuoc-tuong-mat-hoa-dua-la-gi, nuoc-tuong-khong-dau-nanh, nuoc-tuong-khong-GMO, nuoc-tuong-mat-hoa-dua-sokfarm, mat-hoa-dua-sokfarm\" srcset=\"https:\/\/mathoaduasokfarm.com\/wp-content\/uploads\/2022\/08\/z3790810049754_2bc8ac38fcc44d49c8051b4479e10aec-scaled.jpg 2560w, https:\/\/mathoaduasokfarm.com\/wp-content\/uploads\/2022\/08\/z3790810049754_2bc8ac38fcc44d49c8051b4479e10aec-300x300.jpg 300w, https:\/\/mathoaduasokfarm.com\/wp-content\/uploads\/2022\/08\/z3790810049754_2bc8ac38fcc44d49c8051b4479e10aec-1024x1024.jpg 1024w, https:\/\/mathoaduasokfarm.com\/wp-content\/uploads\/2022\/08\/z3790810049754_2bc8ac38fcc44d49c8051b4479e10aec-150x150.jpg 150w, https:\/\/mathoaduasokfarm.com\/wp-content\/uploads\/2022\/08\/z3790810049754_2bc8ac38fcc44d49c8051b4479e10aec-768x768.jpg 768w, https:\/\/mathoaduasokfarm.com\/wp-content\/uploads\/2022\/08\/z3790810049754_2bc8ac38fcc44d49c8051b4479e10aec-1536x1536.jpg 1536w, https:\/\/mathoaduasokfarm.com\/wp-content\/uploads\/2022\/08\/z3790810049754_2bc8ac38fcc44d49c8051b4479e10aec-2048x2048.jpg 2048w, https:\/\/mathoaduasokfarm.com\/wp-content\/uploads\/2022\/08\/z3790810049754_2bc8ac38fcc44d49c8051b4479e10aec-12x12.jpg 12w, https:\/\/mathoaduasokfarm.com\/wp-content\/uploads\/2022\/08\/z3790810049754_2bc8ac38fcc44d49c8051b4479e10aec-100x100.jpg 100w, https:\/\/mathoaduasokfarm.com\/wp-content\/uploads\/2022\/08\/z3790810049754_2bc8ac38fcc44d49c8051b4479e10aec-450x450.jpg 450w, https:\/\/mathoaduasokfarm.com\/wp-content\/uploads\/2022\/08\/z3790810049754_2bc8ac38fcc44d49c8051b4479e10aec-800x800.jpg 800w, https:\/\/mathoaduasokfarm.com\/wp-content\/uploads\/2022\/08\/z3790810049754_2bc8ac38fcc44d49c8051b4479e10aec-460x460.jpg 460w\" sizes=\"(max-width: 2560px) 100vw, 2560px\" \/>\t\t\t\t\t\t\t\t\t\t\t\t\t\t\t<\/div>\n\t\t\t\t<\/div>\n\t\t\t\t\t<\/div>\n\t\t<\/div>\n\t\t\t\t\t<\/div>\n\t\t<\/section>\n\t\t\t\t<\/div>","protected":false},"excerpt":{"rendered":"<p><strong>N\u01b0\u1edbc t\u01b0\u01a1ng kh\u00f4ng t\u1eeb \u0111\u1eadu n\u00e0nh \u2013 V\u1ecb m\u1eb7n v\u00ec s\u1ee9c kh\u1ecfe<\/strong><\/p>\n<p style=\"font-weight: 400;\">N\u01b0\u1edbc t\u01b0\u01a1ng m\u1eadt hoa d\u1eeba l\u00e0 n\u01b0\u1edbc ch\u1ea5m \u0111\u01b0\u1ee3c l\u00ean men t\u1ef1 nhi\u00ean t\u1eeb m\u1eadt hoa d\u1eeba, kh\u00f4ng t\u1eeb \u0111\u1eadu n\u00e0nh, kh\u00f4ng ch\u1ee9a gluten, kh\u00f4ng s\u1eed d\u1ee5ng th\u1ef1c ph\u1ea9m GMO. S\u1ea3n ph\u1ea9m ch\u1ee9a \u00edt mu\u1ed1i v\u00e0 kh\u00f4ng ch\u1ea5t b\u1ea3o qu\u1ea3n.<\/p>","protected":false},"featured_media":7337,"comment_status":"open","ping_status":"closed","template":"","meta":{"inline_featured_image":false},"product_cat":[168],"product_tag":[],"class_list":["post-7171","product","type-product","status-publish","has-post-thumbnail","hentry","product_cat-san-pham-chinh"],"yoast_head":"<!-- This site is optimized with the Yoast SEO plugin v18.6 - https:\/\/yoast.com\/wordpress\/plugins\/seo\/ -->\n<title>N\u01b0\u1edbc T\u01b0\u01a1ng M\u1eadt Hoa D\u1eeba - Sokfarm<\/title>\n<meta name=\"robots\" content=\"index, follow, max-snippet:-1, max-image-preview:large, max-video-preview:-1\" \/>\n<link rel=\"canonical\" href=\"https:\/\/mathoaduasokfarm.com\/en\/nuoc-tuong-mat-hoa-dua\/\" \/>\n<meta property=\"og:locale\" content=\"en_US\" \/>\n<meta property=\"og:type\" content=\"article\" \/>\n<meta property=\"og:title\" content=\"N\u01b0\u1edbc T\u01b0\u01a1ng M\u1eadt Hoa D\u1eeba - Sokfarm\" \/>\n<meta property=\"og:description\" content=\"N\u01b0\u1edbc t\u01b0\u01a1ng kh\u00f4ng t\u1eeb \u0111\u1eadu n\u00e0nh \u2013 V\u1ecb m\u1eb7n v\u00ec s\u1ee9c kh\u1ecfe N\u01b0\u1edbc t\u01b0\u01a1ng m\u1eadt hoa d\u1eeba l\u00e0 n\u01b0\u1edbc ch\u1ea5m \u0111\u01b0\u1ee3c l\u00ean men t\u1ef1 nhi\u00ean t\u1eeb m\u1eadt hoa d\u1eeba, kh\u00f4ng t\u1eeb \u0111\u1eadu n\u00e0nh, kh\u00f4ng ch\u1ee9a gluten, kh\u00f4ng s\u1eed d\u1ee5ng th\u1ef1c ph\u1ea9m GMO. S\u1ea3n ph\u1ea9m ch\u1ee9a \u00edt mu\u1ed1i v\u00e0 kh\u00f4ng ch\u1ea5t b\u1ea3o qu\u1ea3n.\" \/>\n<meta property=\"og:url\" content=\"https:\/\/mathoaduasokfarm.com\/en\/nuoc-tuong-mat-hoa-dua\/\" \/>\n<meta property=\"og:site_name\" content=\"Sokfarm\" \/>\n<meta property=\"article:modified_time\" content=\"2023-05-04T08:03:40+00:00\" \/>\n<meta property=\"og:image\" content=\"https:\/\/mathoaduasokfarm.com\/wp-content\/uploads\/2022\/08\/z3790807693544_f1b71fa1cc5d7e2cf7fa6ed80aa51719-scaled.jpg\" \/>\n\t<meta property=\"og:image:width\" content=\"2560\" \/>\n\t<meta property=\"og:image:height\" content=\"2560\" \/>\n\t<meta property=\"og:image:type\" content=\"image\/jpeg\" \/>\n<meta name=\"twitter:card\" content=\"summary_large_image\" \/>\n<script type=\"application\/ld+json\" class=\"yoast-schema-graph\">{\"@context\":\"https:\/\/schema.org\",\"@graph\":[{\"@type\":\"WebSite\",\"@id\":\"https:\/\/mathoaduasokfarm.com\/#website\",\"url\":\"https:\/\/mathoaduasokfarm.com\/\",\"name\":\"Sokfarm\",\"description\":\"Thi\u00ean nhi\u00ean ng\u1ecdt l\u00e0nh\",\"potentialAction\":[{\"@type\":\"SearchAction\",\"target\":{\"@type\":\"EntryPoint\",\"urlTemplate\":\"https:\/\/mathoaduasokfarm.com\/?s={search_term_string}\"},\"query-input\":\"required name=search_term_string\"}],\"inLanguage\":\"en-US\"},{\"@type\":\"ImageObject\",\"@id\":\"https:\/\/mathoaduasokfarm.com\/nuoc-tuong-mat-hoa-dua\/#primaryimage\",\"inLanguage\":\"en-US\",\"url\":\"https:\/\/mathoaduasokfarm.com\/wp-content\/uploads\/2022\/08\/z3790807693544_f1b71fa1cc5d7e2cf7fa6ed80aa51719-scaled.jpg\",\"contentUrl\":\"https:\/\/mathoaduasokfarm.com\/wp-content\/uploads\/2022\/08\/z3790807693544_f1b71fa1cc5d7e2cf7fa6ed80aa51719-scaled.jpg\",\"width\":2560,\"height\":2560,\"caption\":\"nuoc-tuong-mat-hoa-dua, nuoc-tuong-mat-hoa-dua-la-gi, nuoc-tuong-khong-dau-nanh, nuoc-tuong-khong-GMO, nuoc-tuong-mat-hoa-dua-sokfarm, mat-hoa-dua-sokfarm\"},{\"@type\":\"WebPage\",\"@id\":\"https:\/\/mathoaduasokfarm.com\/nuoc-tuong-mat-hoa-dua\/#webpage\",\"url\":\"https:\/\/mathoaduasokfarm.com\/nuoc-tuong-mat-hoa-dua\/\",\"name\":\"N\u01b0\u1edbc T\u01b0\u01a1ng M\u1eadt Hoa D\u1eeba - Sokfarm\",\"isPartOf\":{\"@id\":\"https:\/\/mathoaduasokfarm.com\/#website\"},\"primaryImageOfPage\":{\"@id\":\"https:\/\/mathoaduasokfarm.com\/nuoc-tuong-mat-hoa-dua\/#primaryimage\"},\"datePublished\":\"2022-08-15T03:08:12+00:00\",\"dateModified\":\"2023-05-04T08:03:40+00:00\",\"breadcrumb\":{\"@id\":\"https:\/\/mathoaduasokfarm.com\/nuoc-tuong-mat-hoa-dua\/#breadcrumb\"},\"inLanguage\":\"en-US\",\"potentialAction\":[{\"@type\":\"ReadAction\",\"target\":[\"https:\/\/mathoaduasokfarm.com\/nuoc-tuong-mat-hoa-dua\/\"]}]},{\"@type\":\"BreadcrumbList\",\"@id\":\"https:\/\/mathoaduasokfarm.com\/nuoc-tuong-mat-hoa-dua\/#breadcrumb\",\"itemListElement\":[{\"@type\":\"ListItem\",\"position\":1,\"name\":\"Home\",\"item\":\"https:\/\/mathoaduasokfarm.com\/\"},{\"@type\":\"ListItem\",\"position\":2,\"name\":\"Shop\",\"item\":\"https:\/\/mathoaduasokfarm.com\/shop\/\"},{\"@type\":\"ListItem\",\"position\":3,\"name\":\"N\u01b0\u1edbc T\u01b0\u01a1ng M\u1eadt Hoa D\u1eeba\"}]}]}<\/script>\n<!-- \/ Yoast SEO plugin. -->","yoast_head_json":{"title":"N\u01b0\u1edbc T\u01b0\u01a1ng M\u1eadt Hoa D\u1eeba - Sokfarm","robots":{"index":"index","follow":"follow","max-snippet":"max-snippet:-1","max-image-preview":"max-image-preview:large","max-video-preview":"max-video-preview:-1"},"canonical":"https:\/\/mathoaduasokfarm.com\/en\/nuoc-tuong-mat-hoa-dua\/","og_locale":"en_US","og_type":"article","og_title":"N\u01b0\u1edbc T\u01b0\u01a1ng M\u1eadt Hoa D\u1eeba - Sokfarm","og_description":"N\u01b0\u1edbc t\u01b0\u01a1ng kh\u00f4ng t\u1eeb \u0111\u1eadu n\u00e0nh \u2013 V\u1ecb m\u1eb7n v\u00ec s\u1ee9c kh\u1ecfe N\u01b0\u1edbc t\u01b0\u01a1ng m\u1eadt hoa d\u1eeba l\u00e0 n\u01b0\u1edbc ch\u1ea5m \u0111\u01b0\u1ee3c l\u00ean men t\u1ef1 nhi\u00ean t\u1eeb m\u1eadt hoa d\u1eeba, kh\u00f4ng t\u1eeb \u0111\u1eadu n\u00e0nh, kh\u00f4ng ch\u1ee9a gluten, kh\u00f4ng s\u1eed d\u1ee5ng th\u1ef1c ph\u1ea9m GMO. S\u1ea3n ph\u1ea9m ch\u1ee9a \u00edt mu\u1ed1i v\u00e0 kh\u00f4ng ch\u1ea5t b\u1ea3o qu\u1ea3n.","og_url":"https:\/\/mathoaduasokfarm.com\/en\/nuoc-tuong-mat-hoa-dua\/","og_site_name":"Sokfarm","article_modified_time":"2023-05-04T08:03:40+00:00","og_image":[{"width":2560,"height":2560,"url":"https:\/\/mathoaduasokfarm.com\/wp-content\/uploads\/2022\/08\/z3790807693544_f1b71fa1cc5d7e2cf7fa6ed80aa51719-scaled.jpg","type":"image\/jpeg"}],"twitter_card":"summary_large_image","schema":{"@context":"https:\/\/schema.org","@graph":[{"@type":"WebSite","@id":"https:\/\/mathoaduasokfarm.com\/#website","url":"https:\/\/mathoaduasokfarm.com\/","name":"Sokfarm","description":"The gift of nature","potentialAction":[{"@type":"SearchAction","target":{"@type":"EntryPoint","urlTemplate":"https:\/\/mathoaduasokfarm.com\/?s={search_term_string}"},"query-input":"required name=search_term_string"}],"inLanguage":"en-US"},{"@type":"ImageObject","@id":"https:\/\/mathoaduasokfarm.com\/nuoc-tuong-mat-hoa-dua\/#primaryimage","inLanguage":"en-US","url":"https:\/\/mathoaduasokfarm.com\/wp-content\/uploads\/2022\/08\/z3790807693544_f1b71fa1cc5d7e2cf7fa6ed80aa51719-scaled.jpg","contentUrl":"https:\/\/mathoaduasokfarm.com\/wp-content\/uploads\/2022\/08\/z3790807693544_f1b71fa1cc5d7e2cf7fa6ed80aa51719-scaled.jpg","width":2560,"height":2560,"caption":"nuoc-tuong-mat-hoa-dua, nuoc-tuong-mat-hoa-dua-la-gi, nuoc-tuong-khong-dau-nanh, nuoc-tuong-khong-GMO, nuoc-tuong-mat-hoa-dua-sokfarm, mat-hoa-dua-sokfarm"},{"@type":"WebPage","@id":"https:\/\/mathoaduasokfarm.com\/nuoc-tuong-mat-hoa-dua\/#webpage","url":"https:\/\/mathoaduasokfarm.com\/nuoc-tuong-mat-hoa-dua\/","name":"N\u01b0\u1edbc T\u01b0\u01a1ng M\u1eadt Hoa D\u1eeba - Sokfarm","isPartOf":{"@id":"https:\/\/mathoaduasokfarm.com\/#website"},"primaryImageOfPage":{"@id":"https:\/\/mathoaduasokfarm.com\/nuoc-tuong-mat-hoa-dua\/#primaryimage"},"datePublished":"2022-08-15T03:08:12+00:00","dateModified":"2023-05-04T08:03:40+00:00","breadcrumb":{"@id":"https:\/\/mathoaduasokfarm.com\/nuoc-tuong-mat-hoa-dua\/#breadcrumb"},"inLanguage":"en-US","potentialAction":[{"@type":"ReadAction","target":["https:\/\/mathoaduasokfarm.com\/nuoc-tuong-mat-hoa-dua\/"]}]},{"@type":"BreadcrumbList","@id":"https:\/\/mathoaduasokfarm.com\/nuoc-tuong-mat-hoa-dua\/#breadcrumb","itemListElement":[{"@type":"ListItem","position":1,"name":"Home","item":"https:\/\/mathoaduasokfarm.com\/"},{"@type":"ListItem","position":2,"name":"Shop","item":"https:\/\/mathoaduasokfarm.com\/shop\/"},{"@type":"ListItem","position":3,"name":"N\u01b0\u1edbc T\u01b0\u01a1ng M\u1eadt Hoa D\u1eeba"}]}]}},"_links":{"self":[{"href":"https:\/\/mathoaduasokfarm.com\/en\/wp-json\/wp\/v2\/product\/7171","targetHints":{"allow":["GET"]}}],"collection":[{"href":"https:\/\/mathoaduasokfarm.com\/en\/wp-json\/wp\/v2\/product"}],"about":[{"href":"https:\/\/mathoaduasokfarm.com\/en\/wp-json\/wp\/v2\/types\/product"}],"replies":[{"embeddable":true,"href":"https:\/\/mathoaduasokfarm.com\/en\/wp-json\/wp\/v2\/comments?post=7171"}],"version-history":[{"count":17,"href":"https:\/\/mathoaduasokfarm.com\/en\/wp-json\/wp\/v2\/product\/7171\/revisions"}],"predecessor-version":[{"id":8152,"href":"https:\/\/mathoaduasokfarm.com\/en\/wp-json\/wp\/v2\/product\/7171\/revisions\/8152"}],"wp:featuredmedia":[{"embeddable":true,"href":"https:\/\/mathoaduasokfarm.com\/en\/wp-json\/wp\/v2\/media\/7337"}],"wp:attachment":[{"href":"https:\/\/mathoaduasokfarm.com\/en\/wp-json\/wp\/v2\/media?parent=7171"}],"wp:term":[{"taxonomy":"product_cat","embeddable":true,"href":"https:\/\/mathoaduasokfarm.com\/en\/wp-json\/wp\/v2\/product_cat?post=7171"},{"taxonomy":"product_tag","embeddable":true,"href":"https:\/\/mathoaduasokfarm.com\/en\/wp-json\/wp\/v2\/product_tag?post=7171"}],"curies":[{"name":"wp","href":"https:\/\/api.w.org\/{rel}","templated":true}]}}