{"id":4720,"date":"2021-09-25T02:24:26","date_gmt":"2021-09-25T02:24:26","guid":{"rendered":"https:\/\/mathoaduasokfarm.com\/?post_type=product&#038;p=4720"},"modified":"2023-05-20T15:09:04","modified_gmt":"2023-05-20T15:09:04","slug":"giam-mat-hoa-dua-265ml","status":"publish","type":"product","link":"https:\/\/mathoaduasokfarm.com\/en\/giam-mat-hoa-dua-265ml\/","title":{"rendered":"Coconut Flower Vinegar"},"content":{"rendered":"<div data-elementor-type=\"product-post\" data-elementor-id=\"4720\" class=\"elementor elementor-4720\" data-elementor-post-type=\"product\">\n\t\t\t\t\t\t<section class=\"elementor-section elementor-top-section elementor-element elementor-element-821cc0f elementor-section-boxed elementor-section-height-default elementor-section-height-default\" data-id=\"821cc0f\" data-element_type=\"section\" data-e-type=\"section\">\n\t\t\t\t\t\t<div class=\"elementor-container elementor-column-gap-default\">\n\t\t\t\t\t<div class=\"elementor-column elementor-col-100 elementor-top-column elementor-element elementor-element-8589092\" data-id=\"8589092\" data-element_type=\"column\" data-e-type=\"column\">\n\t\t\t<div class=\"elementor-widget-wrap elementor-element-populated\">\n\t\t\t\t\t\t<div class=\"elementor-element elementor-element-8d0634b elementor-view-stacked elementor-position-inline-start elementor-shape-circle elementor-mobile-position-block-start elementor-widget elementor-widget-icon-box\" data-id=\"8d0634b\" data-element_type=\"widget\" data-e-type=\"widget\" data-widget_type=\"icon-box.default\">\n\t\t\t\t<div class=\"elementor-widget-container\">\n\t\t\t\t\t\t\t<div class=\"elementor-icon-box-wrapper\">\n\n\t\t\t\t\t\t<div class=\"elementor-icon-box-icon\">\n\t\t\t\t<span  class=\"elementor-icon\">\n\t\t\t\t<i aria-hidden=\"true\" class=\"freshio-icon- freshio-icon-sustainable\"><\/i>\t\t\t\t<\/span>\n\t\t\t<\/div>\n\t\t\t\n\t\t\t\t\t\t<div class=\"elementor-icon-box-content\">\n\n\t\t\t\t\t\t\t\t\t<h3 class=\"elementor-icon-box-title\">\n\t\t\t\t\t\t<span  >\n\t\t\t\t\t\t\tUsage\t\t\t\t\t\t<\/span>\n\t\t\t\t\t<\/h3>\n\t\t\t\t\n\t\t\t\t\t\t\t\t\t<p class=\"elementor-icon-box-description\">\n\t\t\t\t\t\t\u2022 H\u1ed7 tr\u1ee3 gi\u1ea3m c\u00e2n, thanh l\u1ecdc c\u01a1 th\u1ec3.\n\u2022 Gi\u00fap b\u1ed5 sung l\u1ee3i khu\u1ea9n cho \u0111\u01b0\u1eddng ru\u1ed9t, h\u1ed7 tr\u1ee3 ti\u00eau h\u00f3a v\u00e0 k\u00edch th\u00edch qu\u00e1 tr\u00ecnh chuy\u1ec3n h\u00f3a n\u0103ng l\u01b0\u1ee3ng cho c\u01a1 th\u1ec3.\n\u2022 H\u1ed7 tr\u1ee3 gi\u1ea3m c\u01a1n \u0111au cho b\u1ec7nh nh\u00e2n gout.\t\t\t\t\t<\/p>\n\t\t\t\t\n\t\t\t<\/div>\n\t\t\t\n\t\t<\/div>\n\t\t\t\t\t\t<\/div>\n\t\t\t\t<\/div>\n\t\t\t\t\t<\/div>\n\t\t<\/div>\n\t\t\t\t\t<\/div>\n\t\t<\/section>\n\t\t\t\t<section class=\"elementor-section elementor-top-section elementor-element elementor-element-3bfff07 elementor-section-boxed elementor-section-height-default elementor-section-height-default\" data-id=\"3bfff07\" data-element_type=\"section\" data-e-type=\"section\">\n\t\t\t\t\t\t<div class=\"elementor-container elementor-column-gap-default\">\n\t\t\t\t\t<div class=\"elementor-column elementor-col-100 elementor-top-column elementor-element elementor-element-0154056\" data-id=\"0154056\" data-element_type=\"column\" data-e-type=\"column\">\n\t\t\t<div class=\"elementor-widget-wrap elementor-element-populated\">\n\t\t\t\t\t\t<div class=\"elementor-element elementor-element-1fde156 elementor-view-stacked elementor-position-inline-start elementor-shape-circle elementor-mobile-position-block-start elementor-widget elementor-widget-icon-box\" data-id=\"1fde156\" data-element_type=\"widget\" data-e-type=\"widget\" data-widget_type=\"icon-box.default\">\n\t\t\t\t<div class=\"elementor-widget-container\">\n\t\t\t\t\t\t\t<div class=\"elementor-icon-box-wrapper\">\n\n\t\t\t\t\t\t<div class=\"elementor-icon-box-icon\">\n\t\t\t\t<span  class=\"elementor-icon\">\n\t\t\t\t<i aria-hidden=\"true\" class=\"freshio-icon- freshio-icon-handmade_2\"><\/i>\t\t\t\t<\/span>\n\t\t\t<\/div>\n\t\t\t\n\t\t\t\t\t\t<div class=\"elementor-icon-box-content\">\n\n\t\t\t\t\t\t\t\t\t<h3 class=\"elementor-icon-box-title\">\n\t\t\t\t\t\t<span  >\n\t\t\t\t\t\t\tIngredients\t\t\t\t\t\t<\/span>\n\t\t\t\t\t<\/h3>\n\t\t\t\t\n\t\t\t\t\t\t\t\t\t<p class=\"elementor-icon-box-description\">\n\t\t\t\t\t\t100% coconut nectar\t\t\t\t\t<\/p>\n\t\t\t\t\n\t\t\t<\/div>\n\t\t\t\n\t\t<\/div>\n\t\t\t\t\t\t<\/div>\n\t\t\t\t<\/div>\n\t\t\t\t\t<\/div>\n\t\t<\/div>\n\t\t\t\t\t<\/div>\n\t\t<\/section>\n\t\t\t\t<section class=\"elementor-section elementor-top-section elementor-element elementor-element-7857bc4 elementor-section-boxed elementor-section-height-default elementor-section-height-default\" data-id=\"7857bc4\" data-element_type=\"section\" data-e-type=\"section\">\n\t\t\t\t\t\t<div class=\"elementor-container elementor-column-gap-default\">\n\t\t\t\t\t<div class=\"elementor-column elementor-col-100 elementor-top-column elementor-element elementor-element-bcc15bd\" data-id=\"bcc15bd\" data-element_type=\"column\" data-e-type=\"column\">\n\t\t\t<div class=\"elementor-widget-wrap elementor-element-populated\">\n\t\t\t\t\t\t<div class=\"elementor-element elementor-element-240928f elementor-view-stacked elementor-position-inline-start elementor-shape-circle elementor-mobile-position-block-start elementor-widget elementor-widget-icon-box\" data-id=\"240928f\" data-element_type=\"widget\" data-e-type=\"widget\" data-widget_type=\"icon-box.default\">\n\t\t\t\t<div class=\"elementor-widget-container\">\n\t\t\t\t\t\t\t<div class=\"elementor-icon-box-wrapper\">\n\n\t\t\t\t\t\t<div class=\"elementor-icon-box-icon\">\n\t\t\t\t<span  class=\"elementor-icon\">\n\t\t\t\t<i aria-hidden=\"true\" class=\"far fa-list-alt\"><\/i>\t\t\t\t<\/span>\n\t\t\t<\/div>\n\t\t\t\n\t\t\t\t\t\t<div class=\"elementor-icon-box-content\">\n\n\t\t\t\t\t\t\t\t\t<h3 class=\"elementor-icon-box-title\">\n\t\t\t\t\t\t<span  >\n\t\t\t\t\t\t\tInstruction\t\t\t\t\t\t<\/span>\n\t\t\t\t\t<\/h3>\n\t\t\t\t\n\t\t\t\t\t\t\t\t\t<p class=\"elementor-icon-box-description\">\n\t\t\t\t\t\tPha ch\u1ebf:\nD\u00f9ng \u0111\u1ec3 pha v\u1edbi n\u01b0\u1edbc \u1ea5m u\u1ed1ng tr\u01b0\u1edbc b\u1eefa \u0103n 5 ph\u00fat, pha v\u1edbi m\u1eadt hoa d\u1eeba c\u00f4 \u0111\u1eb7c, ph\u1ed1i v\u00e0o c\u00f4ng th\u1ee9c c\u1ee7a c\u00e1c m\u00f3n n\u01b0\u1edbc \u00e9p rau c\u1ee7, l\u00e0m c\u00e1c m\u00f3n th\u1ee9c u\u1ed1ng detox v\u00e0 gi\u1ea3m c\u00e2n.\n\nN\u1ea5u \u0103n:\nL\u00e0m c\u00e1c m\u00f3n salad, n\u01b0\u1edbc ch\u1ea5m, n\u01b0\u1edbc s\u1ed1t, n\u1ea5u canh chua, n\u1ea5u l\u1ea9u.\t\t\t\t\t<\/p>\n\t\t\t\t\n\t\t\t<\/div>\n\t\t\t\n\t\t<\/div>\n\t\t\t\t\t\t<\/div>\n\t\t\t\t<\/div>\n\t\t\t\t\t<\/div>\n\t\t<\/div>\n\t\t\t\t\t<\/div>\n\t\t<\/section>\n\t\t\t\t<section class=\"elementor-section elementor-top-section elementor-element elementor-element-7ca28a6 elementor-section-boxed elementor-section-height-default elementor-section-height-default\" data-id=\"7ca28a6\" data-element_type=\"section\" data-e-type=\"section\">\n\t\t\t\t\t\t<div class=\"elementor-container elementor-column-gap-default\">\n\t\t\t\t\t<div class=\"elementor-column elementor-col-100 elementor-top-column elementor-element elementor-element-c7db5d0\" data-id=\"c7db5d0\" data-element_type=\"column\" data-e-type=\"column\">\n\t\t\t<div class=\"elementor-widget-wrap elementor-element-populated\">\n\t\t\t\t\t\t<div class=\"elementor-element elementor-element-f28b64b elementor-view-stacked elementor-position-inline-start elementor-shape-circle elementor-mobile-position-block-start elementor-widget elementor-widget-icon-box\" data-id=\"f28b64b\" data-element_type=\"widget\" data-e-type=\"widget\" data-widget_type=\"icon-box.default\">\n\t\t\t\t<div class=\"elementor-widget-container\">\n\t\t\t\t\t\t\t<div class=\"elementor-icon-box-wrapper\">\n\n\t\t\t\t\t\t<div class=\"elementor-icon-box-icon\">\n\t\t\t\t<span  class=\"elementor-icon\">\n\t\t\t\t<i aria-hidden=\"true\" class=\"fas fa-hands\"><\/i>\t\t\t\t<\/span>\n\t\t\t<\/div>\n\t\t\t\n\t\t\t\t\t\t<div class=\"elementor-icon-box-content\">\n\n\t\t\t\t\t\t\t\t\t<h3 class=\"elementor-icon-box-title\">\n\t\t\t\t\t\t<span  >\n\t\t\t\t\t\t\tStorage\t\t\t\t\t\t<\/span>\n\t\t\t\t\t<\/h3>\n\t\t\t\t\n\t\t\t\t\t\t\t\t\t<p class=\"elementor-icon-box-description\">\n\t\t\t\t\t\tB\u1ea3o qu\u1ea3n n\u01a1i kh\u00f4 r\u00e1o, tr\u00e1nh \u00e1nh n\u1eafng tr\u1ef1c ti\u1ebfp.\nH\u1ea1n s\u1eed d\u1ee5ng 24 th\u00e1ng k\u1ec3 t\u1eeb ng\u00e0y s\u1ea3n xu\u1ea5t\t\t\t\t\t<\/p>\n\t\t\t\t\n\t\t\t<\/div>\n\t\t\t\n\t\t<\/div>\n\t\t\t\t\t\t<\/div>\n\t\t\t\t<\/div>\n\t\t\t\t\t<\/div>\n\t\t<\/div>\n\t\t\t\t\t<\/div>\n\t\t<\/section>\n\t\t\t\t<\/div>","protected":false},"excerpt":{"rendered":"<div class=\"elementor-element elementor-element-d9d81ba elementor-widget elementor-widget-heading\" data-id=\"d9d81ba\" data-element_type=\"widget\" data-widget_type=\"heading.default\">\n<div class=\"elementor-widget-container\">\n<p>RAW - UNFILTERED CONTAIN \"MOTHER\" OF VINEGAR<\/p>\n<p>Gi\u1ea5m m\u1eadt hoa d\u1eeba Sokfarm l\u00e0 s\u1ea3n ph\u1ea9m \u0111\u01b0\u1ee3c l\u00ean men t\u1ef1 nhi\u00ean t\u1eeb m\u1eadt hoa d\u1eeba t\u01b0\u01a1i nguy\u00ean ch\u1ea5t 100$ trong 6 th\u00e1ng. S\u1ea3n ph\u1ea9m v\u1eabn \u0111\u01b0\u1ee3c gi\u1eef l\u1ea1i gi\u1ea5m m\u1eb9 t\u1ef1 nhi\u00ean v\u00e0 \u0111\u01b0\u1ee3c d\u00f9ng \u0111\u1ec3 thay th\u1ebf gi\u1ea5m t\u00e1o<\/p>\n<\/div>\n<\/div>","protected":false},"featured_media":4096,"comment_status":"open","ping_status":"closed","template":"","meta":{"inline_featured_image":false},"product_cat":[167,168],"product_tag":[],"class_list":["post-4720","product","type-product","status-publish","has-post-thumbnail","hentry","product_cat-giam-mat-hoa-dua","product_cat-san-pham-chinh"],"yoast_head":"<!-- This site is optimized with the Yoast SEO plugin v18.6 - https:\/\/yoast.com\/wordpress\/plugins\/seo\/ -->\n<title>Gi\u1ea5m m\u1eadt hoa d\u1eeba Sokfarm - Sokfarm<\/title>\n<meta name=\"robots\" content=\"index, follow, max-snippet:-1, max-image-preview:large, max-video-preview:-1\" \/>\n<link rel=\"canonical\" href=\"https:\/\/mathoaduasokfarm.com\/en\/giam-mat-hoa-dua-265ml\/\" \/>\n<meta property=\"og:locale\" content=\"en_US\" \/>\n<meta property=\"og:type\" content=\"article\" \/>\n<meta property=\"og:title\" content=\"Gi\u1ea5m m\u1eadt hoa d\u1eeba Sokfarm - Sokfarm\" \/>\n<meta property=\"og:description\" content=\"GI\u1ea4M M\u1eb8 T\u1ef0 NHI\u00caN \u2013 V\u1eca CHUA V\u00cc S\u1ee8C KH\u1eceE  Gi\u1ea5m m\u1eadt hoa d\u1eeba Sokfarm l\u00e0 s\u1ea3n ph\u1ea9m \u0111\u01b0\u1ee3c l\u00ean men t\u1ef1 nhi\u00ean t\u1eeb m\u1eadt hoa d\u1eeba t\u01b0\u01a1i nguy\u00ean ch\u1ea5t 100$ trong 6 th\u00e1ng. S\u1ea3n ph\u1ea9m v\u1eabn \u0111\u01b0\u1ee3c gi\u1eef l\u1ea1i gi\u1ea5m m\u1eb9 t\u1ef1 nhi\u00ean v\u00e0 \u0111\u01b0\u1ee3c d\u00f9ng \u0111\u1ec3 thay th\u1ebf gi\u1ea5m t\u00e1o\" \/>\n<meta property=\"og:url\" content=\"https:\/\/mathoaduasokfarm.com\/en\/giam-mat-hoa-dua-265ml\/\" \/>\n<meta property=\"og:site_name\" content=\"Sokfarm\" \/>\n<meta property=\"article:modified_time\" content=\"2023-05-20T15:09:04+00:00\" \/>\n<meta property=\"og:image\" content=\"https:\/\/mathoaduasokfarm.com\/wp-content\/uploads\/2021\/08\/sp_giammathoadua-600x600-1.jpg\" \/>\n\t<meta property=\"og:image:width\" content=\"600\" \/>\n\t<meta property=\"og:image:height\" content=\"600\" \/>\n\t<meta property=\"og:image:type\" content=\"image\/jpeg\" \/>\n<meta name=\"twitter:card\" content=\"summary_large_image\" \/>\n<meta name=\"twitter:label1\" content=\"Est. reading time\" \/>\n\t<meta name=\"twitter:data1\" content=\"1 minute\" \/>\n<script type=\"application\/ld+json\" class=\"yoast-schema-graph\">{\"@context\":\"https:\/\/schema.org\",\"@graph\":[{\"@type\":\"WebSite\",\"@id\":\"https:\/\/mathoaduasokfarm.com\/#website\",\"url\":\"https:\/\/mathoaduasokfarm.com\/\",\"name\":\"Sokfarm\",\"description\":\"Thi\u00ean nhi\u00ean ng\u1ecdt l\u00e0nh\",\"potentialAction\":[{\"@type\":\"SearchAction\",\"target\":{\"@type\":\"EntryPoint\",\"urlTemplate\":\"https:\/\/mathoaduasokfarm.com\/?s={search_term_string}\"},\"query-input\":\"required name=search_term_string\"}],\"inLanguage\":\"en-US\"},{\"@type\":\"ImageObject\",\"@id\":\"https:\/\/mathoaduasokfarm.com\/giam-mat-hoa-dua-265ml\/#primaryimage\",\"inLanguage\":\"en-US\",\"url\":\"https:\/\/mathoaduasokfarm.com\/wp-content\/uploads\/2021\/08\/sp_giammathoadua-600x600-1.jpg\",\"contentUrl\":\"https:\/\/mathoaduasokfarm.com\/wp-content\/uploads\/2021\/08\/sp_giammathoadua-600x600-1.jpg\",\"width\":600,\"height\":600},{\"@type\":\"WebPage\",\"@id\":\"https:\/\/mathoaduasokfarm.com\/giam-mat-hoa-dua-265ml\/#webpage\",\"url\":\"https:\/\/mathoaduasokfarm.com\/giam-mat-hoa-dua-265ml\/\",\"name\":\"Gi\u1ea5m m\u1eadt hoa d\u1eeba Sokfarm - Sokfarm\",\"isPartOf\":{\"@id\":\"https:\/\/mathoaduasokfarm.com\/#website\"},\"primaryImageOfPage\":{\"@id\":\"https:\/\/mathoaduasokfarm.com\/giam-mat-hoa-dua-265ml\/#primaryimage\"},\"datePublished\":\"2021-09-25T02:24:26+00:00\",\"dateModified\":\"2023-05-20T15:09:04+00:00\",\"breadcrumb\":{\"@id\":\"https:\/\/mathoaduasokfarm.com\/giam-mat-hoa-dua-265ml\/#breadcrumb\"},\"inLanguage\":\"en-US\",\"potentialAction\":[{\"@type\":\"ReadAction\",\"target\":[\"https:\/\/mathoaduasokfarm.com\/giam-mat-hoa-dua-265ml\/\"]}]},{\"@type\":\"BreadcrumbList\",\"@id\":\"https:\/\/mathoaduasokfarm.com\/giam-mat-hoa-dua-265ml\/#breadcrumb\",\"itemListElement\":[{\"@type\":\"ListItem\",\"position\":1,\"name\":\"Home\",\"item\":\"https:\/\/mathoaduasokfarm.com\/\"},{\"@type\":\"ListItem\",\"position\":2,\"name\":\"Shop\",\"item\":\"https:\/\/mathoaduasokfarm.com\/shop\/\"},{\"@type\":\"ListItem\",\"position\":3,\"name\":\"Gi\u1ea5m m\u1eadt hoa d\u1eeba Sokfarm\"}]}]}<\/script>\n<!-- \/ Yoast SEO plugin. -->","yoast_head_json":{"title":"Gi\u1ea5m m\u1eadt hoa d\u1eeba Sokfarm - Sokfarm","robots":{"index":"index","follow":"follow","max-snippet":"max-snippet:-1","max-image-preview":"max-image-preview:large","max-video-preview":"max-video-preview:-1"},"canonical":"https:\/\/mathoaduasokfarm.com\/en\/giam-mat-hoa-dua-265ml\/","og_locale":"en_US","og_type":"article","og_title":"Gi\u1ea5m m\u1eadt hoa d\u1eeba Sokfarm - Sokfarm","og_description":"GI\u1ea4M M\u1eb8 T\u1ef0 NHI\u00caN \u2013 V\u1eca CHUA V\u00cc S\u1ee8C KH\u1eceE  Gi\u1ea5m m\u1eadt hoa d\u1eeba Sokfarm l\u00e0 s\u1ea3n ph\u1ea9m \u0111\u01b0\u1ee3c l\u00ean men t\u1ef1 nhi\u00ean t\u1eeb m\u1eadt hoa d\u1eeba t\u01b0\u01a1i nguy\u00ean ch\u1ea5t 100$ trong 6 th\u00e1ng. S\u1ea3n ph\u1ea9m v\u1eabn \u0111\u01b0\u1ee3c gi\u1eef l\u1ea1i gi\u1ea5m m\u1eb9 t\u1ef1 nhi\u00ean v\u00e0 \u0111\u01b0\u1ee3c d\u00f9ng \u0111\u1ec3 thay th\u1ebf gi\u1ea5m t\u00e1o","og_url":"https:\/\/mathoaduasokfarm.com\/en\/giam-mat-hoa-dua-265ml\/","og_site_name":"Sokfarm","article_modified_time":"2023-05-20T15:09:04+00:00","og_image":[{"width":600,"height":600,"url":"https:\/\/mathoaduasokfarm.com\/wp-content\/uploads\/2021\/08\/sp_giammathoadua-600x600-1.jpg","type":"image\/jpeg"}],"twitter_card":"summary_large_image","twitter_misc":{"Est. reading time":"1 minute"},"schema":{"@context":"https:\/\/schema.org","@graph":[{"@type":"WebSite","@id":"https:\/\/mathoaduasokfarm.com\/#website","url":"https:\/\/mathoaduasokfarm.com\/","name":"Sokfarm","description":"The gift of nature","potentialAction":[{"@type":"SearchAction","target":{"@type":"EntryPoint","urlTemplate":"https:\/\/mathoaduasokfarm.com\/?s={search_term_string}"},"query-input":"required name=search_term_string"}],"inLanguage":"en-US"},{"@type":"ImageObject","@id":"https:\/\/mathoaduasokfarm.com\/giam-mat-hoa-dua-265ml\/#primaryimage","inLanguage":"en-US","url":"https:\/\/mathoaduasokfarm.com\/wp-content\/uploads\/2021\/08\/sp_giammathoadua-600x600-1.jpg","contentUrl":"https:\/\/mathoaduasokfarm.com\/wp-content\/uploads\/2021\/08\/sp_giammathoadua-600x600-1.jpg","width":600,"height":600},{"@type":"WebPage","@id":"https:\/\/mathoaduasokfarm.com\/giam-mat-hoa-dua-265ml\/#webpage","url":"https:\/\/mathoaduasokfarm.com\/giam-mat-hoa-dua-265ml\/","name":"Gi\u1ea5m m\u1eadt hoa d\u1eeba Sokfarm - Sokfarm","isPartOf":{"@id":"https:\/\/mathoaduasokfarm.com\/#website"},"primaryImageOfPage":{"@id":"https:\/\/mathoaduasokfarm.com\/giam-mat-hoa-dua-265ml\/#primaryimage"},"datePublished":"2021-09-25T02:24:26+00:00","dateModified":"2023-05-20T15:09:04+00:00","breadcrumb":{"@id":"https:\/\/mathoaduasokfarm.com\/giam-mat-hoa-dua-265ml\/#breadcrumb"},"inLanguage":"en-US","potentialAction":[{"@type":"ReadAction","target":["https:\/\/mathoaduasokfarm.com\/giam-mat-hoa-dua-265ml\/"]}]},{"@type":"BreadcrumbList","@id":"https:\/\/mathoaduasokfarm.com\/giam-mat-hoa-dua-265ml\/#breadcrumb","itemListElement":[{"@type":"ListItem","position":1,"name":"Home","item":"https:\/\/mathoaduasokfarm.com\/"},{"@type":"ListItem","position":2,"name":"Shop","item":"https:\/\/mathoaduasokfarm.com\/shop\/"},{"@type":"ListItem","position":3,"name":"Gi\u1ea5m m\u1eadt hoa d\u1eeba Sokfarm"}]}]}},"_links":{"self":[{"href":"https:\/\/mathoaduasokfarm.com\/en\/wp-json\/wp\/v2\/product\/4720","targetHints":{"allow":["GET"]}}],"collection":[{"href":"https:\/\/mathoaduasokfarm.com\/en\/wp-json\/wp\/v2\/product"}],"about":[{"href":"https:\/\/mathoaduasokfarm.com\/en\/wp-json\/wp\/v2\/types\/product"}],"replies":[{"embeddable":true,"href":"https:\/\/mathoaduasokfarm.com\/en\/wp-json\/wp\/v2\/comments?post=4720"}],"version-history":[{"count":7,"href":"https:\/\/mathoaduasokfarm.com\/en\/wp-json\/wp\/v2\/product\/4720\/revisions"}],"predecessor-version":[{"id":6303,"href":"https:\/\/mathoaduasokfarm.com\/en\/wp-json\/wp\/v2\/product\/4720\/revisions\/6303"}],"wp:featuredmedia":[{"embeddable":true,"href":"https:\/\/mathoaduasokfarm.com\/en\/wp-json\/wp\/v2\/media\/4096"}],"wp:attachment":[{"href":"https:\/\/mathoaduasokfarm.com\/en\/wp-json\/wp\/v2\/media?parent=4720"}],"wp:term":[{"taxonomy":"product_cat","embeddable":true,"href":"https:\/\/mathoaduasokfarm.com\/en\/wp-json\/wp\/v2\/product_cat?post=4720"},{"taxonomy":"product_tag","embeddable":true,"href":"https:\/\/mathoaduasokfarm.com\/en\/wp-json\/wp\/v2\/product_tag?post=4720"}],"curies":[{"name":"wp","href":"https:\/\/api.w.org\/{rel}","templated":true}]}}