{"id":4665,"date":"2021-09-24T09:16:24","date_gmt":"2021-09-24T09:16:24","guid":{"rendered":"https:\/\/mathoaduasokfarm.com\/?post_type=product&#038;p=4665"},"modified":"2022-02-23T09:42:05","modified_gmt":"2022-02-23T09:42:05","slug":"cider-mat-hoa-dua-375ml","status":"publish","type":"product","link":"https:\/\/mathoaduasokfarm.com\/en\/cider-mat-hoa-dua-375ml\/","title":{"rendered":"M\u1eadt hoa d\u1eeba l\u00ean men"},"content":{"rendered":"<div data-elementor-type=\"product-post\" data-elementor-id=\"4665\" class=\"elementor elementor-4665\" data-elementor-post-type=\"product\">\n\t\t\t\t\t\t<section class=\"elementor-section elementor-top-section elementor-element elementor-element-9a6f699 elementor-section-boxed elementor-section-height-default elementor-section-height-default\" data-id=\"9a6f699\" data-element_type=\"section\" data-e-type=\"section\">\n\t\t\t\t\t\t<div class=\"elementor-container elementor-column-gap-default\">\n\t\t\t\t\t<div class=\"elementor-column elementor-col-100 elementor-top-column elementor-element elementor-element-345cc25\" data-id=\"345cc25\" data-element_type=\"column\" data-e-type=\"column\">\n\t\t\t<div class=\"elementor-widget-wrap elementor-element-populated\">\n\t\t\t\t\t\t<div class=\"elementor-element elementor-element-a09ce71 elementor-view-stacked elementor-position-inline-start elementor-shape-circle elementor-mobile-position-block-start elementor-widget elementor-widget-icon-box\" data-id=\"a09ce71\" data-element_type=\"widget\" data-e-type=\"widget\" data-widget_type=\"icon-box.default\">\n\t\t\t\t<div class=\"elementor-widget-container\">\n\t\t\t\t\t\t\t<div class=\"elementor-icon-box-wrapper\">\n\n\t\t\t\t\t\t<div class=\"elementor-icon-box-icon\">\n\t\t\t\t<span  class=\"elementor-icon\">\n\t\t\t\t<i aria-hidden=\"true\" class=\"freshio-icon- freshio-icon-sustainable\"><\/i>\t\t\t\t<\/span>\n\t\t\t<\/div>\n\t\t\t\n\t\t\t\t\t\t<div class=\"elementor-icon-box-content\">\n\n\t\t\t\t\t\t\t\t\t<h3 class=\"elementor-icon-box-title\">\n\t\t\t\t\t\t<span  >\n\t\t\t\t\t\t\tUsage\t\t\t\t\t\t<\/span>\n\t\t\t\t\t<\/h3>\n\t\t\t\t\n\t\t\t\t\t\t\t\t\t<p class=\"elementor-icon-box-description\">\n\t\t\t\t\t\t\n\n\nM\u1eadt hoa d\u1eeba l\u00ean men c\u00f3 \u0111\u1ed9 c\u1ed3n th\u1ea5p 2%,\n\u0111\u1ed3ng th\u1eddi ch\u1ee9a nhi\u1ec1u kho\u00e1ng ch\u1ea5t c\u00f3 l\u1ee3i cho s\u1ee9c kh\u1ecfe nh\u01b0 kali, natri, ph\u1ed1t pho...Th\u1ee9c u\u1ed1ng \u0111em \u0111\u1ebfn c\u1ea3m gi\u00e1c ngon mi\u1ec7ng,\nk\u00edch th\u00edch s\u1ef1 ti\u00eau h\u00f3a v\u00e0 gi\u1ea3m t\u00edch t\u1ee5 m\u1ee1 b\u1ee5ng, gi\u00e0u ch\u1ea5t \u0111i\u1ec7n gi\u1ea3i t\u1ef1 nhi\u00ean.\t\t\t\t\t<\/p>\n\t\t\t\t\n\t\t\t<\/div>\n\t\t\t\n\t\t<\/div>\n\t\t\t\t\t\t<\/div>\n\t\t\t\t<\/div>\n\t\t\t\t\t<\/div>\n\t\t<\/div>\n\t\t\t\t\t<\/div>\n\t\t<\/section>\n\t\t\t\t<section class=\"elementor-section elementor-top-section elementor-element elementor-element-e8eefc5 elementor-section-boxed elementor-section-height-default elementor-section-height-default\" data-id=\"e8eefc5\" data-element_type=\"section\" data-e-type=\"section\">\n\t\t\t\t\t\t<div class=\"elementor-container elementor-column-gap-default\">\n\t\t\t\t\t<div class=\"elementor-column elementor-col-100 elementor-top-column elementor-element elementor-element-2a5ed54\" data-id=\"2a5ed54\" data-element_type=\"column\" data-e-type=\"column\">\n\t\t\t<div class=\"elementor-widget-wrap elementor-element-populated\">\n\t\t\t\t\t\t<div class=\"elementor-element elementor-element-30a46cd elementor-view-stacked elementor-position-inline-start elementor-shape-circle elementor-mobile-position-block-start elementor-widget elementor-widget-icon-box\" data-id=\"30a46cd\" data-element_type=\"widget\" data-e-type=\"widget\" data-widget_type=\"icon-box.default\">\n\t\t\t\t<div class=\"elementor-widget-container\">\n\t\t\t\t\t\t\t<div class=\"elementor-icon-box-wrapper\">\n\n\t\t\t\t\t\t<div class=\"elementor-icon-box-icon\">\n\t\t\t\t<span  class=\"elementor-icon\">\n\t\t\t\t<i aria-hidden=\"true\" class=\"freshio-icon- freshio-icon-handmade_2\"><\/i>\t\t\t\t<\/span>\n\t\t\t<\/div>\n\t\t\t\n\t\t\t\t\t\t<div class=\"elementor-icon-box-content\">\n\n\t\t\t\t\t\t\t\t\t<h3 class=\"elementor-icon-box-title\">\n\t\t\t\t\t\t<span  >\n\t\t\t\t\t\t\tIngredients\t\t\t\t\t\t<\/span>\n\t\t\t\t\t<\/h3>\n\t\t\t\t\n\t\t\t\t\t\t\t\t\t<p class=\"elementor-icon-box-description\">\n\t\t\t\t\t\t100% coconut nectar\t\t\t\t\t<\/p>\n\t\t\t\t\n\t\t\t<\/div>\n\t\t\t\n\t\t<\/div>\n\t\t\t\t\t\t<\/div>\n\t\t\t\t<\/div>\n\t\t\t\t\t<\/div>\n\t\t<\/div>\n\t\t\t\t\t<\/div>\n\t\t<\/section>\n\t\t\t\t<section class=\"elementor-section elementor-top-section elementor-element elementor-element-4ced870 elementor-section-boxed elementor-section-height-default elementor-section-height-default\" data-id=\"4ced870\" data-element_type=\"section\" data-e-type=\"section\">\n\t\t\t\t\t\t<div class=\"elementor-container elementor-column-gap-default\">\n\t\t\t\t\t<div class=\"elementor-column elementor-col-100 elementor-top-column elementor-element elementor-element-1cf7a35\" data-id=\"1cf7a35\" data-element_type=\"column\" data-e-type=\"column\">\n\t\t\t<div class=\"elementor-widget-wrap elementor-element-populated\">\n\t\t\t\t\t\t<div class=\"elementor-element elementor-element-471c7f0 elementor-view-stacked elementor-position-inline-start elementor-shape-circle elementor-mobile-position-block-start elementor-widget elementor-widget-icon-box\" data-id=\"471c7f0\" data-element_type=\"widget\" data-e-type=\"widget\" data-widget_type=\"icon-box.default\">\n\t\t\t\t<div class=\"elementor-widget-container\">\n\t\t\t\t\t\t\t<div class=\"elementor-icon-box-wrapper\">\n\n\t\t\t\t\t\t<div class=\"elementor-icon-box-icon\">\n\t\t\t\t<span  class=\"elementor-icon\">\n\t\t\t\t<i aria-hidden=\"true\" class=\"far fa-list-alt\"><\/i>\t\t\t\t<\/span>\n\t\t\t<\/div>\n\t\t\t\n\t\t\t\t\t\t<div class=\"elementor-icon-box-content\">\n\n\t\t\t\t\t\t\t\t\t<h3 class=\"elementor-icon-box-title\">\n\t\t\t\t\t\t<span  >\n\t\t\t\t\t\t\tInstruction\t\t\t\t\t\t<\/span>\n\t\t\t\t\t<\/h3>\n\t\t\t\t\n\t\t\t\t\t\t\t\t\t<p class=\"elementor-icon-box-description\">\n\t\t\t\t\t\tD\u00f9ng chung v\u1edbi \u0111\u00e1, l\u1eafc \u0111\u1ec1u tr\u01b0\u1edbc khi s\u1eed d\u1ee5ng.\nPha cocktail ho\u1eb7c c\u00f3 th\u1ec3 pha v\u1edbi r\u01b0\u1ee3u m\u1ea1nh.\t\t\t\t\t<\/p>\n\t\t\t\t\n\t\t\t<\/div>\n\t\t\t\n\t\t<\/div>\n\t\t\t\t\t\t<\/div>\n\t\t\t\t<\/div>\n\t\t\t\t\t<\/div>\n\t\t<\/div>\n\t\t\t\t\t<\/div>\n\t\t<\/section>\n\t\t\t\t<section class=\"elementor-section elementor-top-section elementor-element elementor-element-c396edc elementor-section-boxed elementor-section-height-default elementor-section-height-default\" data-id=\"c396edc\" data-element_type=\"section\" data-e-type=\"section\">\n\t\t\t\t\t\t<div class=\"elementor-container elementor-column-gap-default\">\n\t\t\t\t\t<div class=\"elementor-column elementor-col-100 elementor-top-column elementor-element elementor-element-35b1232\" data-id=\"35b1232\" data-element_type=\"column\" data-e-type=\"column\">\n\t\t\t<div class=\"elementor-widget-wrap elementor-element-populated\">\n\t\t\t\t\t\t<div class=\"elementor-element elementor-element-5cc9ce1 elementor-view-stacked elementor-position-inline-start elementor-shape-circle elementor-mobile-position-block-start elementor-widget elementor-widget-icon-box\" data-id=\"5cc9ce1\" data-element_type=\"widget\" data-e-type=\"widget\" data-widget_type=\"icon-box.default\">\n\t\t\t\t<div class=\"elementor-widget-container\">\n\t\t\t\t\t\t\t<div class=\"elementor-icon-box-wrapper\">\n\n\t\t\t\t\t\t<div class=\"elementor-icon-box-icon\">\n\t\t\t\t<span  class=\"elementor-icon\">\n\t\t\t\t<i aria-hidden=\"true\" class=\"fas fa-hands\"><\/i>\t\t\t\t<\/span>\n\t\t\t<\/div>\n\t\t\t\n\t\t\t\t\t\t<div class=\"elementor-icon-box-content\">\n\n\t\t\t\t\t\t\t\t\t<h3 class=\"elementor-icon-box-title\">\n\t\t\t\t\t\t<span  >\n\t\t\t\t\t\t\tStorage\t\t\t\t\t\t<\/span>\n\t\t\t\t\t<\/h3>\n\t\t\t\t\n\t\t\t\t\t\t\t\t\t<p class=\"elementor-icon-box-description\">\n\t\t\t\t\t\tN\u01a1i tho\u00e1ng m\u00e1t, kh\u00f4ng \u0111\u1ec3 g\u1ea7n ngu\u1ed3n n\u00f3ng ho\u1eb7c d\u01b0\u1edbi \u00e1nh n\u1eafng tr\u1ef1c ti\u1ebfp,\ngi\u1eef l\u1ea1nh sau khi m\u1edf n\u00fat v\u00e0 d\u00f9ng h\u1ebft trong 7 ng\u00e0y.\nH\u1ea1n s\u1eed d\u1ee5ng 24 th\u00e1ng k\u1ec3 t\u1eeb ng\u00e0y s\u1ea3n xu\u1ea5t\t\t\t\t\t<\/p>\n\t\t\t\t\n\t\t\t<\/div>\n\t\t\t\n\t\t<\/div>\n\t\t\t\t\t\t<\/div>\n\t\t\t\t<\/div>\n\t\t\t\t\t<\/div>\n\t\t<\/div>\n\t\t\t\t\t<\/div>\n\t\t<\/section>\n\t\t\t\t<\/div>","protected":false},"excerpt":{"rendered":"<div class=\"woocommerce-product-details__short-description\">\n<p>FERMENTED DRINK FOR WOMEN<\/p>\n<p>Fermented coconut nectar is a drink naturally fermented by the traditional method of the ancient Khmer. It has a sweet flavor from coconut blossoms and a slight sour taste. This is a great gift in family and friend gatherings.<\/p>\n<\/div>","protected":false},"featured_media":4668,"comment_status":"open","ping_status":"closed","template":"","meta":{"inline_featured_image":false},"product_cat":[165,168],"product_tag":[],"class_list":["post-4665","product","type-product","status-publish","has-post-thumbnail","hentry","product_cat-mat-hoa-dua-len-men-cider","product_cat-san-pham-chinh"],"yoast_head":"<!-- This site is optimized with the Yoast SEO plugin v18.6 - https:\/\/yoast.com\/wordpress\/plugins\/seo\/ -->\n<title>M\u1eadt hoa d\u1eeba l\u00ean men - Sokfarm<\/title>\n<meta name=\"robots\" content=\"index, follow, max-snippet:-1, max-image-preview:large, max-video-preview:-1\" \/>\n<link rel=\"canonical\" href=\"https:\/\/mathoaduasokfarm.com\/en\/cider-mat-hoa-dua-375ml\/\" \/>\n<meta property=\"og:locale\" content=\"en_US\" \/>\n<meta property=\"og:type\" content=\"article\" \/>\n<meta property=\"og:title\" content=\"M\u1eadt hoa d\u1eeba l\u00ean men - Sokfarm\" \/>\n<meta property=\"og:description\" content=\"TH\u1ee8C U\u1ed0NG L\u00caN MEN D\u00c0NH CHO PH\u00c1I \u0110\u1eb8P  M\u1eadt hoa d\u1eeba l\u00ean men l\u00e0 th\u1ee9c u\u1ed1ng l\u00ean men t\u1ef1 nhi\u00ean, theo ph\u01b0\u01a1ng ph\u00e1p truy\u1ec1n th\u1ed1ng c\u1ee7a ng\u01b0\u1eddi Khmer x\u01b0a, s\u1ea3n ph\u1ea9m c\u00f3 v\u1ecb ng\u1ecdt thanh t\u1eeb b\u00fap hoa d\u1eeba v\u00e0 v\u1ecb chua nh\u1eb9. \u0110\u00e2y l\u00e0 m\u00f3n qu\u00e0 tuy\u1ec7t v\u1eddi cho nh\u1eefng bu\u1ed5i h\u1ed9i h\u1ecdp gia \u0111\u00ecnh v\u00e0 b\u1ea1n b\u00e8.\" \/>\n<meta property=\"og:url\" content=\"https:\/\/mathoaduasokfarm.com\/en\/cider-mat-hoa-dua-375ml\/\" \/>\n<meta property=\"og:site_name\" content=\"Sokfarm\" \/>\n<meta property=\"article:modified_time\" content=\"2022-02-23T09:42:05+00:00\" \/>\n<meta property=\"og:image\" content=\"https:\/\/mathoaduasokfarm.com\/wp-content\/uploads\/2021\/09\/sp_cider3-2.jpg\" \/>\n\t<meta property=\"og:image:width\" content=\"900\" \/>\n\t<meta property=\"og:image:height\" content=\"780\" \/>\n\t<meta property=\"og:image:type\" content=\"image\/jpeg\" \/>\n<meta name=\"twitter:card\" content=\"summary_large_image\" \/>\n<meta name=\"twitter:label1\" content=\"Est. reading time\" \/>\n\t<meta name=\"twitter:data1\" content=\"1 minute\" \/>\n<script type=\"application\/ld+json\" class=\"yoast-schema-graph\">{\"@context\":\"https:\/\/schema.org\",\"@graph\":[{\"@type\":\"WebSite\",\"@id\":\"https:\/\/mathoaduasokfarm.com\/#website\",\"url\":\"https:\/\/mathoaduasokfarm.com\/\",\"name\":\"Sokfarm\",\"description\":\"Thi\u00ean nhi\u00ean ng\u1ecdt l\u00e0nh\",\"potentialAction\":[{\"@type\":\"SearchAction\",\"target\":{\"@type\":\"EntryPoint\",\"urlTemplate\":\"https:\/\/mathoaduasokfarm.com\/?s={search_term_string}\"},\"query-input\":\"required name=search_term_string\"}],\"inLanguage\":\"en-US\"},{\"@type\":\"ImageObject\",\"@id\":\"https:\/\/mathoaduasokfarm.com\/cider-mat-hoa-dua-375ml\/#primaryimage\",\"inLanguage\":\"en-US\",\"url\":\"https:\/\/mathoaduasokfarm.com\/wp-content\/uploads\/2021\/09\/sp_cider3-2.jpg\",\"contentUrl\":\"https:\/\/mathoaduasokfarm.com\/wp-content\/uploads\/2021\/09\/sp_cider3-2.jpg\",\"width\":900,\"height\":780},{\"@type\":\"WebPage\",\"@id\":\"https:\/\/mathoaduasokfarm.com\/cider-mat-hoa-dua-375ml\/#webpage\",\"url\":\"https:\/\/mathoaduasokfarm.com\/cider-mat-hoa-dua-375ml\/\",\"name\":\"M\u1eadt hoa d\u1eeba l\u00ean men - Sokfarm\",\"isPartOf\":{\"@id\":\"https:\/\/mathoaduasokfarm.com\/#website\"},\"primaryImageOfPage\":{\"@id\":\"https:\/\/mathoaduasokfarm.com\/cider-mat-hoa-dua-375ml\/#primaryimage\"},\"datePublished\":\"2021-09-24T09:16:24+00:00\",\"dateModified\":\"2022-02-23T09:42:05+00:00\",\"breadcrumb\":{\"@id\":\"https:\/\/mathoaduasokfarm.com\/cider-mat-hoa-dua-375ml\/#breadcrumb\"},\"inLanguage\":\"en-US\",\"potentialAction\":[{\"@type\":\"ReadAction\",\"target\":[\"https:\/\/mathoaduasokfarm.com\/cider-mat-hoa-dua-375ml\/\"]}]},{\"@type\":\"BreadcrumbList\",\"@id\":\"https:\/\/mathoaduasokfarm.com\/cider-mat-hoa-dua-375ml\/#breadcrumb\",\"itemListElement\":[{\"@type\":\"ListItem\",\"position\":1,\"name\":\"Home\",\"item\":\"https:\/\/mathoaduasokfarm.com\/\"},{\"@type\":\"ListItem\",\"position\":2,\"name\":\"Shop\",\"item\":\"https:\/\/mathoaduasokfarm.com\/shop\/\"},{\"@type\":\"ListItem\",\"position\":3,\"name\":\"M\u1eadt hoa d\u1eeba l\u00ean men\"}]}]}<\/script>\n<!-- \/ Yoast SEO plugin. -->","yoast_head_json":{"title":"M\u1eadt hoa d\u1eeba l\u00ean men - Sokfarm","robots":{"index":"index","follow":"follow","max-snippet":"max-snippet:-1","max-image-preview":"max-image-preview:large","max-video-preview":"max-video-preview:-1"},"canonical":"https:\/\/mathoaduasokfarm.com\/en\/cider-mat-hoa-dua-375ml\/","og_locale":"en_US","og_type":"article","og_title":"M\u1eadt hoa d\u1eeba l\u00ean men - Sokfarm","og_description":"TH\u1ee8C U\u1ed0NG L\u00caN MEN D\u00c0NH CHO PH\u00c1I \u0110\u1eb8P  M\u1eadt hoa d\u1eeba l\u00ean men l\u00e0 th\u1ee9c u\u1ed1ng l\u00ean men t\u1ef1 nhi\u00ean, theo ph\u01b0\u01a1ng ph\u00e1p truy\u1ec1n th\u1ed1ng c\u1ee7a ng\u01b0\u1eddi Khmer x\u01b0a, s\u1ea3n ph\u1ea9m c\u00f3 v\u1ecb ng\u1ecdt thanh t\u1eeb b\u00fap hoa d\u1eeba v\u00e0 v\u1ecb chua nh\u1eb9. \u0110\u00e2y l\u00e0 m\u00f3n qu\u00e0 tuy\u1ec7t v\u1eddi cho nh\u1eefng bu\u1ed5i h\u1ed9i h\u1ecdp gia \u0111\u00ecnh v\u00e0 b\u1ea1n b\u00e8.","og_url":"https:\/\/mathoaduasokfarm.com\/en\/cider-mat-hoa-dua-375ml\/","og_site_name":"Sokfarm","article_modified_time":"2022-02-23T09:42:05+00:00","og_image":[{"width":900,"height":780,"url":"https:\/\/mathoaduasokfarm.com\/wp-content\/uploads\/2021\/09\/sp_cider3-2.jpg","type":"image\/jpeg"}],"twitter_card":"summary_large_image","twitter_misc":{"Est. reading time":"1 minute"},"schema":{"@context":"https:\/\/schema.org","@graph":[{"@type":"WebSite","@id":"https:\/\/mathoaduasokfarm.com\/#website","url":"https:\/\/mathoaduasokfarm.com\/","name":"Sokfarm","description":"The gift of nature","potentialAction":[{"@type":"SearchAction","target":{"@type":"EntryPoint","urlTemplate":"https:\/\/mathoaduasokfarm.com\/?s={search_term_string}"},"query-input":"required name=search_term_string"}],"inLanguage":"en-US"},{"@type":"ImageObject","@id":"https:\/\/mathoaduasokfarm.com\/cider-mat-hoa-dua-375ml\/#primaryimage","inLanguage":"en-US","url":"https:\/\/mathoaduasokfarm.com\/wp-content\/uploads\/2021\/09\/sp_cider3-2.jpg","contentUrl":"https:\/\/mathoaduasokfarm.com\/wp-content\/uploads\/2021\/09\/sp_cider3-2.jpg","width":900,"height":780},{"@type":"WebPage","@id":"https:\/\/mathoaduasokfarm.com\/cider-mat-hoa-dua-375ml\/#webpage","url":"https:\/\/mathoaduasokfarm.com\/cider-mat-hoa-dua-375ml\/","name":"M\u1eadt hoa d\u1eeba l\u00ean men - Sokfarm","isPartOf":{"@id":"https:\/\/mathoaduasokfarm.com\/#website"},"primaryImageOfPage":{"@id":"https:\/\/mathoaduasokfarm.com\/cider-mat-hoa-dua-375ml\/#primaryimage"},"datePublished":"2021-09-24T09:16:24+00:00","dateModified":"2022-02-23T09:42:05+00:00","breadcrumb":{"@id":"https:\/\/mathoaduasokfarm.com\/cider-mat-hoa-dua-375ml\/#breadcrumb"},"inLanguage":"en-US","potentialAction":[{"@type":"ReadAction","target":["https:\/\/mathoaduasokfarm.com\/cider-mat-hoa-dua-375ml\/"]}]},{"@type":"BreadcrumbList","@id":"https:\/\/mathoaduasokfarm.com\/cider-mat-hoa-dua-375ml\/#breadcrumb","itemListElement":[{"@type":"ListItem","position":1,"name":"Home","item":"https:\/\/mathoaduasokfarm.com\/"},{"@type":"ListItem","position":2,"name":"Shop","item":"https:\/\/mathoaduasokfarm.com\/shop\/"},{"@type":"ListItem","position":3,"name":"M\u1eadt hoa d\u1eeba l\u00ean men"}]}]}},"_links":{"self":[{"href":"https:\/\/mathoaduasokfarm.com\/en\/wp-json\/wp\/v2\/product\/4665","targetHints":{"allow":["GET"]}}],"collection":[{"href":"https:\/\/mathoaduasokfarm.com\/en\/wp-json\/wp\/v2\/product"}],"about":[{"href":"https:\/\/mathoaduasokfarm.com\/en\/wp-json\/wp\/v2\/types\/product"}],"replies":[{"embeddable":true,"href":"https:\/\/mathoaduasokfarm.com\/en\/wp-json\/wp\/v2\/comments?post=4665"}],"version-history":[{"count":14,"href":"https:\/\/mathoaduasokfarm.com\/en\/wp-json\/wp\/v2\/product\/4665\/revisions"}],"predecessor-version":[{"id":6301,"href":"https:\/\/mathoaduasokfarm.com\/en\/wp-json\/wp\/v2\/product\/4665\/revisions\/6301"}],"wp:featuredmedia":[{"embeddable":true,"href":"https:\/\/mathoaduasokfarm.com\/en\/wp-json\/wp\/v2\/media\/4668"}],"wp:attachment":[{"href":"https:\/\/mathoaduasokfarm.com\/en\/wp-json\/wp\/v2\/media?parent=4665"}],"wp:term":[{"taxonomy":"product_cat","embeddable":true,"href":"https:\/\/mathoaduasokfarm.com\/en\/wp-json\/wp\/v2\/product_cat?post=4665"},{"taxonomy":"product_tag","embeddable":true,"href":"https:\/\/mathoaduasokfarm.com\/en\/wp-json\/wp\/v2\/product_tag?post=4665"}],"curies":[{"name":"wp","href":"https:\/\/api.w.org\/{rel}","templated":true}]}}