{"id":88,"date":"2020-08-10T08:56:50","date_gmt":"2020-08-10T08:56:50","guid":{"rendered":"https:\/\/demo2wpopal.b-cdn.net\/freshio\/contact-us\/"},"modified":"2023-07-21T14:56:24","modified_gmt":"2023-07-21T14:56:24","slug":"lienhe","status":"publish","type":"page","link":"https:\/\/mathoaduasokfarm.com\/en\/lienhe\/","title":{"rendered":"Contact"},"content":{"rendered":"\t\t<div data-elementor-type=\"wp-page\" data-elementor-id=\"88\" class=\"elementor elementor-88\" data-elementor-post-type=\"page\">\n\t\t\t\t\t\t<div class=\"elementor-section elementor-top-section elementor-element elementor-element-39c81f0 elementor-section-stretched elementor-section-boxed elementor-section-height-default elementor-section-height-default\" data-id=\"39c81f0\" data-element_type=\"section\" data-e-type=\"section\" data-settings=\"{&quot;stretch_section&quot;:&quot;section-stretched&quot;}\">\n\t\t\t\t\t\t<div class=\"elementor-container elementor-column-gap-no\">\n\t\t\t\t\t<div class=\"elementor-column elementor-col-50 elementor-top-column elementor-element elementor-element-f8eef6a\" data-id=\"f8eef6a\" data-element_type=\"column\" data-e-type=\"column\">\n\t\t\t<div class=\"elementor-widget-wrap elementor-element-populated\">\n\t\t\t\t\t\t<div class=\"elementor-element elementor-element-7e35025 elementor-widget elementor-widget-image\" data-id=\"7e35025\" data-element_type=\"widget\" data-e-type=\"widget\" data-widget_type=\"image.default\">\n\t\t\t\t<div class=\"elementor-widget-container\">\n\t\t\t\t\t\t\t\t\t\t\t\t\t\t\t<img fetchpriority=\"high\" decoding=\"async\" width=\"422\" height=\"633\" src=\"https:\/\/mathoaduasokfarm.com\/wp-content\/uploads\/2021\/04\/contact1.jpeg\" class=\"attachment-full size-full wp-image-2834\" alt=\"\" srcset=\"https:\/\/mathoaduasokfarm.com\/wp-content\/uploads\/2021\/04\/contact1.jpeg 422w, https:\/\/mathoaduasokfarm.com\/wp-content\/uploads\/2021\/04\/contact1-200x300.jpeg 200w\" sizes=\"(max-width: 422px) 100vw, 422px\" \/>\t\t\t\t\t\t\t\t\t\t\t\t\t\t\t<\/div>\n\t\t\t\t<\/div>\n\t\t\t\t<div class=\"elementor-element elementor-element-33e96ea elementor-widget__width-auto elementor-absolute elementor-hidden-phone elementor-invisible elementor-widget elementor-widget-image\" data-id=\"33e96ea\" data-element_type=\"widget\" data-e-type=\"widget\" data-settings=\"{&quot;_animation&quot;:&quot;opal-move-down&quot;,&quot;_position&quot;:&quot;absolute&quot;,&quot;motion_fx_motion_fx_scrolling&quot;:&quot;yes&quot;,&quot;motion_fx_translateY_effect&quot;:&quot;yes&quot;,&quot;_animation_delay&quot;:200,&quot;motion_fx_translateY_speed&quot;:{&quot;unit&quot;:&quot;px&quot;,&quot;size&quot;:4,&quot;sizes&quot;:[]},&quot;motion_fx_translateY_affectedRange&quot;:{&quot;unit&quot;:&quot;%&quot;,&quot;size&quot;:&quot;&quot;,&quot;sizes&quot;:{&quot;start&quot;:0,&quot;end&quot;:100}},&quot;motion_fx_devices&quot;:[&quot;desktop&quot;,&quot;tablet&quot;,&quot;mobile&quot;]}\" data-widget_type=\"image.default\">\n\t\t\t\t<div class=\"elementor-widget-container\">\n\t\t\t\t\t\t\t\t\t\t\t\t\t\t\t<img decoding=\"async\" width=\"307\" height=\"353\" src=\"https:\/\/mathoaduasokfarm.com\/wp-content\/uploads\/2021\/04\/h4_leaf-1_3.png\" class=\"attachment-full size-full wp-image-2531\" alt=\"\" srcset=\"https:\/\/mathoaduasokfarm.com\/wp-content\/uploads\/2021\/04\/h4_leaf-1_3.png 307w, https:\/\/mathoaduasokfarm.com\/wp-content\/uploads\/2021\/04\/h4_leaf-1_3-261x300.png 261w\" sizes=\"(max-width: 307px) 100vw, 307px\" \/>\t\t\t\t\t\t\t\t\t\t\t\t\t\t\t<\/div>\n\t\t\t\t<\/div>\n\t\t\t\t\t<\/div>\n\t\t<\/div>\n\t\t\t\t<div class=\"elementor-column elementor-col-50 elementor-top-column elementor-element elementor-element-99e7d44\" data-id=\"99e7d44\" data-element_type=\"column\" data-e-type=\"column\">\n\t\t\t<div class=\"elementor-widget-wrap elementor-element-populated\">\n\t\t\t\t\t\t<div class=\"elementor-element elementor-element-dbcd260 elementor-widget elementor-widget-heading\" data-id=\"dbcd260\" data-element_type=\"widget\" data-e-type=\"widget\" data-widget_type=\"heading.default\">\n\t\t\t\t<div class=\"elementor-widget-container\">\n\t\t\t\t\t<h2 class=\"elementor-heading-title elementor-size-default\">Th\u00f4ng tin li\u00ean h\u1ec7<\/h2>\t\t\t\t<\/div>\n\t\t\t\t<\/div>\n\t\t\t\t<div class=\"elementor-element elementor-element-257c0ec elementor-widget elementor-widget-text-editor\" data-id=\"257c0ec\" data-element_type=\"widget\" data-e-type=\"widget\" data-widget_type=\"text-editor.default\">\n\t\t\t\t<div class=\"elementor-widget-container\">\n\t\t\t\t\t\t\t\t\t<p>N\u1ebfu qu\u00fd kh\u00e1ch c\u00f3 b\u1ea5t k\u1ef3 th\u1eafc m\u1eafc n\u00e0o v\u1ec1 s\u1ea3n ph\u1ea9m, vui l\u00f2ng li\u00ean h\u1ec7 v\u1edbi ch\u00fang t\u00f4i theo \u0111\u1ecba ch\u1ec9 tr\u00ean ho\u1eb7c \u0111\u1ec3 l\u1ea1i th\u00f4ng tin b\u00ean d\u01b0\u1edbi, ch\u00fang t\u00f4i s\u1ebd li\u00ean h\u1ec7 l\u1ea1i qu\u00fd kh\u00e1ch trong th\u1eddi gian s\u1edbm nh\u1ea5t c\u00f3 th\u1ec3.<\/p>\t\t\t\t\t\t\t\t<\/div>\n\t\t\t\t<\/div>\n\t\t\t\t<div class=\"elementor-section elementor-inner-section elementor-element elementor-element-a33b46b elementor-section-boxed elementor-section-height-default elementor-section-height-default\" data-id=\"a33b46b\" data-element_type=\"section\" data-e-type=\"section\">\n\t\t\t\t\t\t<div class=\"elementor-container elementor-column-gap-no\">\n\t\t\t\t\t<div class=\"elementor-column elementor-col-50 elementor-inner-column elementor-element elementor-element-c97ab09\" data-id=\"c97ab09\" data-element_type=\"column\" data-e-type=\"column\">\n\t\t\t<div class=\"elementor-widget-wrap elementor-element-populated\">\n\t\t\t\t\t\t<div class=\"elementor-element elementor-element-57fdfee elementor-widget elementor-widget-image-box\" data-id=\"57fdfee\" data-element_type=\"widget\" data-e-type=\"widget\" data-widget_type=\"image-box.default\">\n\t\t\t\t<div class=\"elementor-widget-container\">\n\t\t\t\t\t<div class=\"elementor-image-box-wrapper\"><div class=\"elementor-image-box-content\"><h3 class=\"elementor-image-box-title\">C\u00d4NG TY TNHH TR\u00c0 VINH FARM<\/h3><p class=\"elementor-image-box-description\">\u0110\u1ecba ch\u1ec9: QL60, Kh\u00f3m II, TT Ti\u1ec3u C\u1ea7n, Huy\u1ec7n Ti\u1ec3u C\u1ea7n, T\u1ec9nh Tr\u00e0 Vinh, Vi\u1ec7t Nam<\/p><\/div><\/div>\t\t\t\t<\/div>\n\t\t\t\t<\/div>\n\t\t\t\t<div class=\"elementor-element elementor-element-360b6b3 elementor-widget elementor-widget-image-box\" data-id=\"360b6b3\" data-element_type=\"widget\" data-e-type=\"widget\" data-widget_type=\"image-box.default\">\n\t\t\t\t<div class=\"elementor-widget-container\">\n\t\t\t\t\t<div class=\"elementor-image-box-wrapper\"><div class=\"elementor-image-box-content\"><h3 class=\"elementor-image-box-title\">Contact Information<\/h3><p class=\"elementor-image-box-description\">S\u1ed1 \u0111i\u1ec7n tho\u1ea1i: 0974038946<br>\nEmail: ngai.pham@sokfarm.com<\/p><\/div><\/div>\t\t\t\t<\/div>\n\t\t\t\t<\/div>\n\t\t\t\t\t<\/div>\n\t\t<\/div>\n\t\t\t\t<div class=\"elementor-column elementor-col-50 elementor-inner-column elementor-element elementor-element-6215f21\" data-id=\"6215f21\" data-element_type=\"column\" data-e-type=\"column\">\n\t\t\t<div class=\"elementor-widget-wrap elementor-element-populated\">\n\t\t\t\t\t\t<div class=\"elementor-element elementor-element-6638fe2 elementor-widget elementor-widget-text-editor\" data-id=\"6638fe2\" data-element_type=\"widget\" data-e-type=\"widget\" data-widget_type=\"text-editor.default\">\n\t\t\t\t<div class=\"elementor-widget-container\">\n\t\t\t\t\t\t\t\t\t<p>Th\u00f4ng tin<\/p>\t\t\t\t\t\t\t\t<\/div>\n\t\t\t\t<\/div>\n\t\t\t\t<div class=\"elementor-element elementor-element-4ef6fab elementor-widget elementor-widget-text-editor\" data-id=\"4ef6fab\" data-element_type=\"widget\" data-e-type=\"widget\" data-widget_type=\"text-editor.default\">\n\t\t\t\t<div class=\"elementor-widget-container\">\n\t\t\t\t\t\t\t\t\t<p>M\u00e3 s\u1ed1 thu\u1ebf: 2100647732<\/p><p>Hotline: 0974 018 946 &#8211; 0974 038 946<\/p>\t\t\t\t\t\t\t\t<\/div>\n\t\t\t\t<\/div>\n\t\t\t\t\t<\/div>\n\t\t<\/div>\n\t\t\t\t\t<\/div>\n\t\t<\/div>\n\t\t\t\t<div class=\"elementor-element elementor-element-5254432 elementor-widget__width-auto elementor-absolute elementor-hidden-phone elementor-invisible elementor-widget elementor-widget-image\" data-id=\"5254432\" data-element_type=\"widget\" data-e-type=\"widget\" data-settings=\"{&quot;_position&quot;:&quot;absolute&quot;,&quot;motion_fx_motion_fx_scrolling&quot;:&quot;yes&quot;,&quot;motion_fx_translateY_effect&quot;:&quot;yes&quot;,&quot;_animation&quot;:&quot;opal-move-down&quot;,&quot;motion_fx_translateY_speed&quot;:{&quot;unit&quot;:&quot;px&quot;,&quot;size&quot;:4,&quot;sizes&quot;:[]},&quot;motion_fx_translateY_affectedRange&quot;:{&quot;unit&quot;:&quot;%&quot;,&quot;size&quot;:&quot;&quot;,&quot;sizes&quot;:{&quot;start&quot;:0,&quot;end&quot;:100}},&quot;motion_fx_devices&quot;:[&quot;desktop&quot;,&quot;tablet&quot;,&quot;mobile&quot;]}\" data-widget_type=\"image.default\">\n\t\t\t\t<div class=\"elementor-widget-container\">\n\t\t\t\t\t\t\t\t\t\t\t\t\t\t\t<img decoding=\"async\" width=\"243\" height=\"264\" src=\"https:\/\/mathoaduasokfarm.com\/wp-content\/uploads\/2021\/04\/h4_leaf-2_1-e1643281484304.png\" class=\"attachment-full size-full wp-image-2542\" alt=\"\" srcset=\"https:\/\/mathoaduasokfarm.com\/wp-content\/uploads\/2021\/04\/h4_leaf-2_1-e1643281484304.png 243w, https:\/\/mathoaduasokfarm.com\/wp-content\/uploads\/2021\/04\/h4_leaf-2_1-e1643281484304-11x12.png 11w\" sizes=\"(max-width: 243px) 100vw, 243px\" \/>\t\t\t\t\t\t\t\t\t\t\t\t\t\t\t<\/div>\n\t\t\t\t<\/div>\n\t\t\t\t<div class=\"elementor-element elementor-element-14eefa1 elementor-widget elementor-widget-heading\" data-id=\"14eefa1\" data-element_type=\"widget\" data-e-type=\"widget\" data-widget_type=\"heading.default\">\n\t\t\t\t<div class=\"elementor-widget-container\">\n\t\t\t\t\t<h2 class=\"elementor-heading-title elementor-size-default\">\u0110i\u1ec1n v\u00e0o th\u00f4ng tin<\/h2>\t\t\t\t<\/div>\n\t\t\t\t<\/div>\n\t\t\t\t<div class=\"elementor-element elementor-element-3477432 elementor-button-align-stretch elementor-widget elementor-widget-form\" data-id=\"3477432\" data-element_type=\"widget\" data-e-type=\"widget\" data-settings=\"{&quot;button_width&quot;:&quot;25&quot;,&quot;button_width_tablet&quot;:&quot;50&quot;,&quot;step_next_label&quot;:&quot;Next&quot;,&quot;step_previous_label&quot;:&quot;Previous&quot;,&quot;step_type&quot;:&quot;number_text&quot;,&quot;step_icon_shape&quot;:&quot;circle&quot;}\" data-widget_type=\"form.default\">\n\t\t\t\t<div class=\"elementor-widget-container\">\n\t\t\t\t\t\t\t<form class=\"elementor-form\" method=\"post\" name=\"New Form\">\n\t\t\t<input type=\"hidden\" name=\"post_id\" value=\"88\"\/>\n\t\t\t<input type=\"hidden\" name=\"form_id\" value=\"3477432\"\/>\n\t\t\t<input type=\"hidden\" name=\"referer_title\" value=\"Sokfarm\" \/>\n\n\t\t\t\n\t\t\t<div class=\"elementor-form-fields-wrapper elementor-labels-above\">\n\t\t\t\t\t\t\t\t<div class=\"elementor-field-type-text elementor-field-group elementor-column elementor-field-group-name elementor-col-100\">\n\t\t\t\t\t\t\t\t\t\t\t\t\t<input size=\"1\" type=\"text\" name=\"form_fields[name]\" id=\"form-field-name\" class=\"elementor-field elementor-size-sm  elementor-field-textual\" placeholder=\"H\u1ecd v\u00e0 t\u00ean\">\n\t\t\t\t\t\t\t\t\t\t\t<\/div>\n\t\t\t\t\t\t\t\t<div class=\"elementor-field-type-text elementor-field-group elementor-column elementor-field-group-email elementor-col-100 elementor-field-required\">\n\t\t\t\t\t\t\t\t\t\t\t\t\t<input size=\"1\" type=\"text\" name=\"form_fields[email]\" id=\"form-field-email\" class=\"elementor-field elementor-size-sm  elementor-field-textual\" placeholder=\"\u0110\u1ecba ch\u1ec9\" required=\"required\" aria-required=\"true\">\n\t\t\t\t\t\t\t\t\t\t\t<\/div>\n\t\t\t\t\t\t\t\t<div class=\"elementor-field-type-number elementor-field-group elementor-column elementor-field-group-field_a6f70fc elementor-col-100\">\n\t\t\t\t\t\t\t\t<input type=\"number\" name=\"form_fields[field_a6f70fc]\" id=\"form-field-field_a6f70fc\" class=\"elementor-field elementor-size-sm  elementor-field-textual\" placeholder=\"S\u1ed1 \u0111i\u1ec7n tho\u1ea1i\" min=\"\" max=\"\" >\n\t\t\t\t\t\t<\/div>\n\t\t\t\t\t\t\t\t<div class=\"elementor-field-type-textarea elementor-field-group elementor-column elementor-field-group-message elementor-col-100\">\n\t\t\t\t\t<textarea class=\"elementor-field-textual elementor-field  elementor-size-sm\" name=\"form_fields[message]\" id=\"form-field-message\" rows=\"4\" placeholder=\"Tin nh\u1eafn\"><\/textarea>\t\t\t\t<\/div>\n\t\t\t\t\t\t\t\t<div class=\"elementor-field-group elementor-column elementor-field-type-submit elementor-col-25 e-form__buttons elementor-md-50\">\n\t\t\t\t\t<button type=\"submit\" class=\"elementor-button elementor-size-sm\">\n\t\t\t\t\t\t<span >\n\t\t\t\t\t\t\t\t\t\t\t\t\t\t\t<span class=\" elementor-button-icon\">\n\t\t\t\t\t\t\t\t\t\t\t\t\t\t\t\t\t\t\t\t\t\t\t\t\t\t<\/span>\n\t\t\t\t\t\t\t\t\t\t\t\t\t\t\t\t\t\t\t\t\t\t<span class=\"elementor-button-text\">G\u1eedi<\/span>\n\t\t\t\t\t\t\t\t\t\t\t\t\t<\/span>\n\t\t\t\t\t<\/button>\n\t\t\t\t<\/div>\n\t\t\t<\/div>\n\t\t<\/form>\n\t\t\t\t\t\t<\/div>\n\t\t\t\t<\/div>\n\t\t\t\t<div class=\"elementor-element elementor-element-dc4b02a elementor-widget__width-auto elementor-absolute elementor-hidden-phone elementor-invisible elementor-widget elementor-widget-image\" data-id=\"dc4b02a\" data-element_type=\"widget\" data-e-type=\"widget\" data-settings=\"{&quot;_position&quot;:&quot;absolute&quot;,&quot;motion_fx_motion_fx_scrolling&quot;:&quot;yes&quot;,&quot;motion_fx_translateY_effect&quot;:&quot;yes&quot;,&quot;_animation&quot;:&quot;opal-move-down&quot;,&quot;_animation_delay&quot;:350,&quot;motion_fx_translateY_speed&quot;:{&quot;unit&quot;:&quot;px&quot;,&quot;size&quot;:4,&quot;sizes&quot;:[]},&quot;motion_fx_translateY_affectedRange&quot;:{&quot;unit&quot;:&quot;%&quot;,&quot;size&quot;:&quot;&quot;,&quot;sizes&quot;:{&quot;start&quot;:0,&quot;end&quot;:100}},&quot;motion_fx_devices&quot;:[&quot;desktop&quot;,&quot;tablet&quot;,&quot;mobile&quot;]}\" data-widget_type=\"image.default\">\n\t\t\t\t<div class=\"elementor-widget-container\">\n\t\t\t\t\t\t\t\t\t\t\t\t\t\t\t<img loading=\"lazy\" decoding=\"async\" width=\"256\" height=\"265\" src=\"https:\/\/mathoaduasokfarm.com\/wp-content\/uploads\/2021\/04\/h4_leaf-3_1.png\" class=\"attachment-full size-full wp-image-2530\" alt=\"\" \/>\t\t\t\t\t\t\t\t\t\t\t\t\t\t\t<\/div>\n\t\t\t\t<\/div>\n\t\t\t\t\t<\/div>\n\t\t<\/div>\n\t\t\t\t\t<\/div>\n\t\t<\/div>\n\t\t\t\t<section class=\"elementor-section elementor-top-section elementor-element elementor-element-e1bcf18 elementor-section-boxed elementor-section-height-default elementor-section-height-default\" data-id=\"e1bcf18\" data-element_type=\"section\" data-e-type=\"section\">\n\t\t\t\t\t\t<div class=\"elementor-container elementor-column-gap-default\">\n\t\t\t\t\t<div class=\"elementor-column elementor-col-100 elementor-top-column elementor-element elementor-element-e17d79e\" data-id=\"e17d79e\" data-element_type=\"column\" data-e-type=\"column\">\n\t\t\t<div class=\"elementor-widget-wrap elementor-element-populated\">\n\t\t\t\t\t\t<div class=\"elementor-element elementor-element-b9b126d elementor-widget elementor-widget-google_maps\" data-id=\"b9b126d\" data-element_type=\"widget\" data-e-type=\"widget\" data-widget_type=\"google_maps.default\">\n\t\t\t\t<div class=\"elementor-widget-container\">\n\t\t\t\t\t\t\t<div class=\"elementor-custom-embed\">\n\t\t\t<iframe loading=\"lazy\"\n\t\t\t\t\tsrc=\"https:\/\/maps.google.com\/maps?q=Sokfarm%20-%20QL60%2C%20kh%C3%B3m%20II%2C%20TT%20Ti%E1%BB%83u%20C%E1%BA%A7n%2C%20Huy%E1%BB%87n%20Ti%E1%BB%83u%20C%E1%BA%A7n%2C%20T%E1%BB%89nh%20Tr%C3%A0%20Vinh%2C%20Vi%E1%BB%87t%20Nam&#038;t=m&#038;z=10&#038;output=embed&#038;iwloc=near\"\n\t\t\t\t\ttitle=\"Sokfarm - QL60, kh\u00f3m II, TT Ti\u1ec3u C\u1ea7n, Huy\u1ec7n Ti\u1ec3u C\u1ea7n, T\u1ec9nh Tr\u00e0 Vinh, Vi\u1ec7t Nam\"\n\t\t\t\t\taria-label=\"Sokfarm - QL60, kh\u00f3m II, TT Ti\u1ec3u C\u1ea7n, Huy\u1ec7n Ti\u1ec3u C\u1ea7n, T\u1ec9nh Tr\u00e0 Vinh, Vi\u1ec7t Nam\"\n\t\t\t><\/iframe>\n\t\t<\/div>\n\t\t\t\t\t\t<\/div>\n\t\t\t\t<\/div>\n\t\t\t\t\t<\/div>\n\t\t<\/div>\n\t\t\t\t\t<\/div>\n\t\t<\/section>\n\t\t\t\t<\/div>\n\t\t","protected":false},"excerpt":{"rendered":"<p>Th\u00f4ng tin li\u00ean h\u1ec7 N\u1ebfu qu\u00fd kh\u00e1ch c\u00f3 b\u1ea5t k\u1ef3 th\u1eafc m\u1eafc n\u00e0o v\u1ec1 s\u1ea3n ph\u1ea9m, vui l\u00f2ng li\u00ean h\u1ec7 v\u1edbi ch\u00fang t\u00f4i theo \u0111\u1ecba ch\u1ec9 tr\u00ean ho\u1eb7c \u0111\u1ec3 l\u1ea1i th\u00f4ng tin b\u00ean d\u01b0\u1edbi, ch\u00fang t\u00f4i s\u1ebd li\u00ean h\u1ec7 l\u1ea1i qu\u00fd kh\u00e1ch trong th\u1eddi gian s\u1edbm nh\u1ea5t c\u00f3 th\u1ec3. C\u00d4NG TY TNHH TR\u00c0 VINH FARM [&hellip;]<\/p>\n","protected":false},"author":1,"featured_media":0,"parent":0,"menu_order":0,"comment_status":"closed","ping_status":"closed","template":"","meta":{"inline_featured_image":false,"footnotes":""},"class_list":["post-88","page","type-page","status-publish","hentry"],"yoast_head":"<!-- This site is optimized with the Yoast SEO plugin v18.6 - https:\/\/yoast.com\/wordpress\/plugins\/seo\/ -->\n<title>Li\u00ean h\u1ec7 - Sokfarm<\/title>\n<meta name=\"robots\" content=\"index, follow, max-snippet:-1, max-image-preview:large, max-video-preview:-1\" \/>\n<link rel=\"canonical\" href=\"https:\/\/mathoaduasokfarm.com\/en\/lienhe\/\" \/>\n<meta property=\"og:locale\" content=\"en_US\" \/>\n<meta property=\"og:type\" content=\"article\" \/>\n<meta property=\"og:title\" content=\"Li\u00ean h\u1ec7 - Sokfarm\" \/>\n<meta property=\"og:description\" content=\"Th\u00f4ng tin li\u00ean h\u1ec7 N\u1ebfu qu\u00fd kh\u00e1ch c\u00f3 b\u1ea5t k\u1ef3 th\u1eafc m\u1eafc n\u00e0o v\u1ec1 s\u1ea3n ph\u1ea9m, vui l\u00f2ng li\u00ean h\u1ec7 v\u1edbi ch\u00fang t\u00f4i theo \u0111\u1ecba ch\u1ec9 tr\u00ean ho\u1eb7c \u0111\u1ec3 l\u1ea1i th\u00f4ng tin b\u00ean d\u01b0\u1edbi, ch\u00fang t\u00f4i s\u1ebd li\u00ean h\u1ec7 l\u1ea1i qu\u00fd kh\u00e1ch trong th\u1eddi gian s\u1edbm nh\u1ea5t c\u00f3 th\u1ec3. C\u00d4NG TY TNHH TR\u00c0 VINH FARM [&hellip;]\" \/>\n<meta property=\"og:url\" content=\"https:\/\/mathoaduasokfarm.com\/en\/lienhe\/\" \/>\n<meta property=\"og:site_name\" content=\"Sokfarm\" \/>\n<meta property=\"article:modified_time\" content=\"2023-07-21T14:56:24+00:00\" \/>\n<meta property=\"og:image\" content=\"https:\/\/mathoaduasokfarm.com\/wp-content\/uploads\/2021\/04\/contact1.jpeg\" \/>\n<meta name=\"twitter:card\" content=\"summary_large_image\" \/>\n<meta name=\"twitter:label1\" content=\"Est. reading time\" \/>\n\t<meta name=\"twitter:data1\" content=\"2 minutes\" \/>\n<script type=\"application\/ld+json\" class=\"yoast-schema-graph\">{\"@context\":\"https:\/\/schema.org\",\"@graph\":[{\"@type\":\"WebSite\",\"@id\":\"https:\/\/mathoaduasokfarm.com\/#website\",\"url\":\"https:\/\/mathoaduasokfarm.com\/\",\"name\":\"Sokfarm\",\"description\":\"Thi\u00ean nhi\u00ean ng\u1ecdt l\u00e0nh\",\"potentialAction\":[{\"@type\":\"SearchAction\",\"target\":{\"@type\":\"EntryPoint\",\"urlTemplate\":\"https:\/\/mathoaduasokfarm.com\/?s={search_term_string}\"},\"query-input\":\"required name=search_term_string\"}],\"inLanguage\":\"en-US\"},{\"@type\":\"ImageObject\",\"@id\":\"https:\/\/mathoaduasokfarm.com\/lienhe\/#primaryimage\",\"inLanguage\":\"en-US\",\"url\":\"https:\/\/mathoaduasokfarm.com\/wp-content\/uploads\/2021\/04\/contact1.jpeg\",\"contentUrl\":\"https:\/\/mathoaduasokfarm.com\/wp-content\/uploads\/2021\/04\/contact1.jpeg\",\"width\":422,\"height\":633},{\"@type\":\"WebPage\",\"@id\":\"https:\/\/mathoaduasokfarm.com\/lienhe\/#webpage\",\"url\":\"https:\/\/mathoaduasokfarm.com\/lienhe\/\",\"name\":\"Li\u00ean h\u1ec7 - Sokfarm\",\"isPartOf\":{\"@id\":\"https:\/\/mathoaduasokfarm.com\/#website\"},\"primaryImageOfPage\":{\"@id\":\"https:\/\/mathoaduasokfarm.com\/lienhe\/#primaryimage\"},\"datePublished\":\"2020-08-10T08:56:50+00:00\",\"dateModified\":\"2023-07-21T14:56:24+00:00\",\"breadcrumb\":{\"@id\":\"https:\/\/mathoaduasokfarm.com\/lienhe\/#breadcrumb\"},\"inLanguage\":\"en-US\",\"potentialAction\":[{\"@type\":\"ReadAction\",\"target\":[\"https:\/\/mathoaduasokfarm.com\/lienhe\/\"]}]},{\"@type\":\"BreadcrumbList\",\"@id\":\"https:\/\/mathoaduasokfarm.com\/lienhe\/#breadcrumb\",\"itemListElement\":[{\"@type\":\"ListItem\",\"position\":1,\"name\":\"Home\",\"item\":\"https:\/\/mathoaduasokfarm.com\/\"},{\"@type\":\"ListItem\",\"position\":2,\"name\":\"Li\u00ean h\u1ec7\"}]}]}<\/script>\n<!-- \/ Yoast SEO plugin. -->","yoast_head_json":{"title":"Li\u00ean h\u1ec7 - Sokfarm","robots":{"index":"index","follow":"follow","max-snippet":"max-snippet:-1","max-image-preview":"max-image-preview:large","max-video-preview":"max-video-preview:-1"},"canonical":"https:\/\/mathoaduasokfarm.com\/en\/lienhe\/","og_locale":"en_US","og_type":"article","og_title":"Li\u00ean h\u1ec7 - Sokfarm","og_description":"Th\u00f4ng tin li\u00ean h\u1ec7 N\u1ebfu qu\u00fd kh\u00e1ch c\u00f3 b\u1ea5t k\u1ef3 th\u1eafc m\u1eafc n\u00e0o v\u1ec1 s\u1ea3n ph\u1ea9m, vui l\u00f2ng li\u00ean h\u1ec7 v\u1edbi ch\u00fang t\u00f4i theo \u0111\u1ecba ch\u1ec9 tr\u00ean ho\u1eb7c \u0111\u1ec3 l\u1ea1i th\u00f4ng tin b\u00ean d\u01b0\u1edbi, ch\u00fang t\u00f4i s\u1ebd li\u00ean h\u1ec7 l\u1ea1i qu\u00fd kh\u00e1ch trong th\u1eddi gian s\u1edbm nh\u1ea5t c\u00f3 th\u1ec3. C\u00d4NG TY TNHH TR\u00c0 VINH FARM [&hellip;]","og_url":"https:\/\/mathoaduasokfarm.com\/en\/lienhe\/","og_site_name":"Sokfarm","article_modified_time":"2023-07-21T14:56:24+00:00","og_image":[{"url":"https:\/\/mathoaduasokfarm.com\/wp-content\/uploads\/2021\/04\/contact1.jpeg"}],"twitter_card":"summary_large_image","twitter_misc":{"Est. reading time":"2 minutes"},"schema":{"@context":"https:\/\/schema.org","@graph":[{"@type":"WebSite","@id":"https:\/\/mathoaduasokfarm.com\/#website","url":"https:\/\/mathoaduasokfarm.com\/","name":"Sokfarm","description":"The gift of nature","potentialAction":[{"@type":"SearchAction","target":{"@type":"EntryPoint","urlTemplate":"https:\/\/mathoaduasokfarm.com\/?s={search_term_string}"},"query-input":"required name=search_term_string"}],"inLanguage":"en-US"},{"@type":"ImageObject","@id":"https:\/\/mathoaduasokfarm.com\/lienhe\/#primaryimage","inLanguage":"en-US","url":"https:\/\/mathoaduasokfarm.com\/wp-content\/uploads\/2021\/04\/contact1.jpeg","contentUrl":"https:\/\/mathoaduasokfarm.com\/wp-content\/uploads\/2021\/04\/contact1.jpeg","width":422,"height":633},{"@type":"WebPage","@id":"https:\/\/mathoaduasokfarm.com\/lienhe\/#webpage","url":"https:\/\/mathoaduasokfarm.com\/lienhe\/","name":"Li\u00ean h\u1ec7 - Sokfarm","isPartOf":{"@id":"https:\/\/mathoaduasokfarm.com\/#website"},"primaryImageOfPage":{"@id":"https:\/\/mathoaduasokfarm.com\/lienhe\/#primaryimage"},"datePublished":"2020-08-10T08:56:50+00:00","dateModified":"2023-07-21T14:56:24+00:00","breadcrumb":{"@id":"https:\/\/mathoaduasokfarm.com\/lienhe\/#breadcrumb"},"inLanguage":"en-US","potentialAction":[{"@type":"ReadAction","target":["https:\/\/mathoaduasokfarm.com\/lienhe\/"]}]},{"@type":"BreadcrumbList","@id":"https:\/\/mathoaduasokfarm.com\/lienhe\/#breadcrumb","itemListElement":[{"@type":"ListItem","position":1,"name":"Home","item":"https:\/\/mathoaduasokfarm.com\/"},{"@type":"ListItem","position":2,"name":"Li\u00ean h\u1ec7"}]}]}},"_links":{"self":[{"href":"https:\/\/mathoaduasokfarm.com\/en\/wp-json\/wp\/v2\/pages\/88","targetHints":{"allow":["GET"]}}],"collection":[{"href":"https:\/\/mathoaduasokfarm.com\/en\/wp-json\/wp\/v2\/pages"}],"about":[{"href":"https:\/\/mathoaduasokfarm.com\/en\/wp-json\/wp\/v2\/types\/page"}],"author":[{"embeddable":true,"href":"https:\/\/mathoaduasokfarm.com\/en\/wp-json\/wp\/v2\/users\/1"}],"replies":[{"embeddable":true,"href":"https:\/\/mathoaduasokfarm.com\/en\/wp-json\/wp\/v2\/comments?post=88"}],"version-history":[{"count":26,"href":"https:\/\/mathoaduasokfarm.com\/en\/wp-json\/wp\/v2\/pages\/88\/revisions"}],"predecessor-version":[{"id":10021,"href":"https:\/\/mathoaduasokfarm.com\/en\/wp-json\/wp\/v2\/pages\/88\/revisions\/10021"}],"wp:attachment":[{"href":"https:\/\/mathoaduasokfarm.com\/en\/wp-json\/wp\/v2\/media?parent=88"}],"curies":[{"name":"wp","href":"https:\/\/api.w.org\/{rel}","templated":true}]}}